{"id":173,"date":"2017-04-25T09:17:44","date_gmt":"2017-04-25T07:17:44","guid":{"rendered":"http:\/\/gsgiesen.g-werbe.net\/v2\/?page_id=173"},"modified":"2026-02-11T19:27:24","modified_gmt":"2026-02-11T18:27:24","slug":"mitgliedschaft","status":"publish","type":"page","link":"http:\/\/gsgiesen.g-werbe.net\/index.php\/foerderverein\/giesen\/mitgliedschaft\/","title":{"rendered":"Mitgliedschaft Giesen"},"content":{"rendered":"<h4>F\u00f6rderverein &#8211; Mitgliedschaft<\/h4>\n<p>Wir freuen uns \u00fcber neue Mitglieder!<\/p>\n<p>Wir k\u00f6nnen nur gemeinsam etwas f\u00fcr unsere Kinder bewegen. Also helfen Sie mit und unterst\u00fctzen Sie die Arbeit des F\u00f6rdervereins als Mitglieder! Ihre Kinder brauchen Ihren Einsatz und Ihre Ideen!<\/p>\n<p>Wir sind als gemeinn\u00fctzig anerkannt. Mitgliedsbeitr\u00e4ge und Spenden sind steuerlich abzugsf\u00e4hig und mindern die Steuerlast. Der Mitgliedsbeitrag betr\u00e4gt 15 \u20ac pro Schuljahr.<\/p>\n<p>Wir geben Ihnen gern weitere Informationen zum F\u00f6rderverein. Sprechen Sie uns an!<\/p>\n<p>Downloads<\/p>\n<p><a href=\"http:\/\/gsgiesen.g-werbe.net\/wp-content\/uploads\/2026\/02\/Mitgliedsantrag-2026.pdf\">Mitgliedsantrag f\u00fcr den F\u00f6rderverein<\/a><\/p>\n<p><a href=\"http:\/\/gsgiesen.g-werbe.net\/wp-content\/uploads\/2020\/09\/Datenschutzhinweise-2020.pdf\" target=\"_blank\" rel=\"noopener noreferrer\">Datenschutzhinweise<\/a><\/p>\n<p><a href=\"http:\/\/gsgiesen.g-werbe.net\/wp-content\/uploads\/2018\/09\/Vereinssatzung.pdf\" target=\"_blank\" rel=\"noopener noreferrer\">Vereinssatzung<\/a><\/p>\n","protected":false},"excerpt":{"rendered":"<p>F\u00f6rderverein &#8211; Mitgliedschaft Wir freuen uns \u00fcber neue Mitglieder! Wir k\u00f6nnen nur gemeinsam etwas f\u00fcr unsere Kinder bewegen. Also helfen Sie mit und unterst\u00fctzen Sie die Arbeit des F\u00f6rdervereins als Mitglieder! Ihre Kinder brauchen Ihren Einsatz und Ihre Ideen! Wir sind als gemeinn\u00fctzig anerkannt. Mitgliedsbeitr\u00e4ge und Spenden sind steuerlich abzugsf\u00e4hig und mindern die Steuerlast. Der [&hellip;]<\/p>\n","protected":false},"author":1,"featured_media":0,"parent":165,"menu_order":0,"comment_status":"closed","ping_status":"closed","template":"","meta":{"footnotes":""},"class_list":["post-173","page","type-page","status-publish","hentry"],"_links":{"self":[{"href":"http:\/\/gsgiesen.g-werbe.net\/index.php\/wp-json\/wp\/v2\/pages\/173","targetHints":{"allow":["GET"]}}],"collection":[{"href":"http:\/\/gsgiesen.g-werbe.net\/index.php\/wp-json\/wp\/v2\/pages"}],"about":[{"href":"http:\/\/gsgiesen.g-werbe.net\/index.php\/wp-json\/wp\/v2\/types\/page"}],"author":[{"embeddable":true,"href":"http:\/\/gsgiesen.g-werbe.net\/index.php\/wp-json\/wp\/v2\/users\/1"}],"replies":[{"embeddable":true,"href":"http:\/\/gsgiesen.g-werbe.net\/index.php\/wp-json\/wp\/v2\/comments?post=173"}],"version-history":[{"count":33,"href":"http:\/\/gsgiesen.g-werbe.net\/index.php\/wp-json\/wp\/v2\/pages\/173\/revisions"}],"predecessor-version":[{"id":4374,"href":"http:\/\/gsgiesen.g-werbe.net\/index.php\/wp-json\/wp\/v2\/pages\/173\/revisions\/4374"}],"up":[{"embeddable":true,"href":"http:\/\/gsgiesen.g-werbe.net\/index.php\/wp-json\/wp\/v2\/pages\/165"}],"wp:attachment":[{"href":"http:\/\/gsgiesen.g-werbe.net\/index.php\/wp-json\/wp\/v2\/media?parent=173"}],"curies":[{"name":"wp","href":"https:\/\/api.w.org\/{rel}","templated":true}]}}