{"id":179,"date":"2017-04-25T09:18:39","date_gmt":"2017-04-25T07:18:39","guid":{"rendered":"http:\/\/gsgiesen.g-werbe.net\/v2\/?page_id=179"},"modified":"2019-11-26T19:34:27","modified_gmt":"2019-11-26T18:34:27","slug":"projekte","status":"publish","type":"page","link":"http:\/\/gsgiesen.g-werbe.net\/index.php\/foerderverein\/hasede\/projekte\/","title":{"rendered":"Aktuelles aus Hasede"},"content":{"rendered":"\t\t<a class=\"nodeco\" href=\"http:\/\/gsgiesen.g-werbe.net\/index.php\/2021\/12\/07\/dezember-2021-news-vom-foerderverein\/\">\n\t\t<div class=\"teaser\" href=\"http:\/\/gsgiesen.g-werbe.net\/index.php\/schulleben\/schulkindbetreuung\/schulkindbetreuung\/\">\n\t\t\t<div class=\"post-thumbnail\"><\/div>\n\t\t\t<h2><\/h2>\n\t\t\t<h3>Dezember 2021: News vom F\u00f6rderverein<\/h3>     \n\t\t\tZum Ende des Jahres wollen wir euch in einem Newsletter \u00fcber die Aktivit\u00e4ten des F\u00f6rdervereins informieren.\r\n\r\nWir w\u00fcnschen allen Kindern und ihren Familien eine besinnliche Adventszeit, ein sch\u00f6nes Weihnachtsfest und einen guten Rutsch ins \u2026 \n\t\t\t<a class=\"readon\"><\/a>\n\t<\/a>\n\t<\/div>\n\t\t<a class=\"nodeco\" href=\"http:\/\/gsgiesen.g-werbe.net\/index.php\/2021\/01\/10\/der-neue-vorstand-des-foerdervereins-der-grundschule-hasede\/\">\n\t\t<div class=\"teaser\" href=\"http:\/\/gsgiesen.g-werbe.net\/index.php\/schulleben\/schulkindbetreuung\/schulkindbetreuung\/\">\n\t\t\t<div class=\"post-thumbnail\"><\/div>\n\t\t\t<h2><\/h2>\n\t\t\t<h3>Der neue Vorstand des F\u00f6rdervereins der Grundschule Hasede<\/h3>     \n\t\t\tAm 17. November 2020 fand in der Turnhalle Hasede die Mitgliederversammlung des F\u00f6rdervereins statt.\r\n\r\nNach einem kurzen Gesch\u00e4ftsbericht durch Nicole Voges fanden Neuwahlen des Vorstandes statt.\r\n\r\nDas Amt der 1. Vorsitzenden des F\u00f6rdervereins \u2026 \n\t\t\t<a class=\"readon\"><\/a>\n\t<\/a>\n\t<\/div>\n\t\n","protected":false},"excerpt":{"rendered":"","protected":false},"author":1,"featured_media":0,"parent":175,"menu_order":0,"comment_status":"closed","ping_status":"closed","template":"","meta":{"footnotes":""},"class_list":["post-179","page","type-page","status-publish","hentry"],"_links":{"self":[{"href":"http:\/\/gsgiesen.g-werbe.net\/index.php\/wp-json\/wp\/v2\/pages\/179","targetHints":{"allow":["GET"]}}],"collection":[{"href":"http:\/\/gsgiesen.g-werbe.net\/index.php\/wp-json\/wp\/v2\/pages"}],"about":[{"href":"http:\/\/gsgiesen.g-werbe.net\/index.php\/wp-json\/wp\/v2\/types\/page"}],"author":[{"embeddable":true,"href":"http:\/\/gsgiesen.g-werbe.net\/index.php\/wp-json\/wp\/v2\/users\/1"}],"replies":[{"embeddable":true,"href":"http:\/\/gsgiesen.g-werbe.net\/index.php\/wp-json\/wp\/v2\/comments?post=179"}],"version-history":[{"count":5,"href":"http:\/\/gsgiesen.g-werbe.net\/index.php\/wp-json\/wp\/v2\/pages\/179\/revisions"}],"predecessor-version":[{"id":2836,"href":"http:\/\/gsgiesen.g-werbe.net\/index.php\/wp-json\/wp\/v2\/pages\/179\/revisions\/2836"}],"up":[{"embeddable":true,"href":"http:\/\/gsgiesen.g-werbe.net\/index.php\/wp-json\/wp\/v2\/pages\/175"}],"wp:attachment":[{"href":"http:\/\/gsgiesen.g-werbe.net\/index.php\/wp-json\/wp\/v2\/media?parent=179"}],"curies":[{"name":"wp","href":"https:\/\/api.w.org\/{rel}","templated":true}]}}