{"id":1895,"date":"2017-11-01T16:06:14","date_gmt":"2017-11-01T15:06:14","guid":{"rendered":"http:\/\/gsgiesen.g-werbe.net\/v2\/?page_id=1895"},"modified":"2026-02-01T14:14:35","modified_gmt":"2026-02-01T13:14:35","slug":"fachkonferenzen","status":"publish","type":"page","link":"http:\/\/gsgiesen.g-werbe.net\/index.php\/fachkonferenzen\/","title":{"rendered":"Fachkonferenzvertreter*innen ab 2025\/26"},"content":{"rendered":"<p><span style=\"color: #99ccff;\"><span style=\"color: #3366ff;\"><strong>Fachkonferenz<\/strong> <\/span><strong><span style=\"color: #ff0000;\"><span style=\"color: #3366ff;\">Deutsch\u00a0\u00a0\u00a0<\/span><\/span><br \/>\n<\/strong><span style=\"color: #000000;\">Leitung: Frau F\u00fcrstenberg-B\u00f6ning, Frau St\u00fcmpel<\/span><br \/>\n<span style=\"color: #000000;\">Elternvertreter*innen: Frau J. Nave, Frau Stahl<\/span><\/span><\/p>\n<p><span style=\"color: #3366ff;\"><strong>Fachkonferenz Mathematik<br \/>\n<\/strong><span style=\"color: #000000;\">Herr Lehmann, Frau Dr. Nagel<\/span><br \/>\n<span style=\"color: #000000;\">Elternvertreter*innen: Frau J. Nave, Frau V\u00f6llings<\/span><\/span><\/p>\n<p><span style=\"color: #0000ff;\"><strong><span style=\"color: #3366ff;\">Fachkonferenz Sachunterricht<br \/>\n<\/span><\/strong><span style=\"color: #000000;\">Leitung: Frau Heinze, Frau Nickel<br \/>\nElternvertreter*innen: Frau C. Nave, Herr Voigt<\/span><\/span><\/p>\n<p><span style=\"color: #3366ff;\"><strong>Fachkonferenz Englisch<br \/>\n<\/strong><span style=\"color: #000000;\">Leitung: Frau Ringleb<\/span><br \/>\n<span style=\"color: #000000;\">Elternvertreter*innen: Frau Ernst, Herr Voigt<\/span><\/span><\/p>\n<p><span style=\"color: #3366ff;\"><strong>Fachkonferenz Sport<\/strong><br \/>\n<span style=\"color: #000000;\">Leitung: Frau Born, Frau N\u00f6hren-Herrmann<\/span><br \/>\n<span style=\"color: #000000;\">Elternvertreter*innen: Frau V\u00f6llings, Frau G\u00f6rsch<\/span><\/span><\/p>\n<p><span style=\"color: #3366ff;\"><strong> Fachkonferenz Religion<br \/>\n<\/strong><span style=\"color: #000000;\">Leitung: Frau Heinze, Frau N\u00f6hren-Herrmann<\/span><br \/>\n<span style=\"color: #000000;\">Elternvertreter*innen: Frau Ernst, Herr Selck<\/span><\/span><\/p>\n<p><span style=\"color: #3366ff;\"><strong>Fachkonferenz Kunst\/ Textil\/ Werken<br \/>\n<\/strong><span style=\"color: #000000;\">Leitung: Frau Nickel, Frau Perschke<\/span><br \/>\n<span style=\"color: #000000;\">Elternvertreter*innen: Frau G\u00f6rsch, Frau C. Nave<\/span><strong><br \/>\n<\/strong><\/span><\/p>\n<p><span style=\"color: #3366ff;\"><strong>Fachkonferenz Musik<\/strong><\/span><br \/>\nLeitung: Frau F\u00fcrstenberg-B\u00f6ning, Frau Dr. Nagel<br \/>\nElternvertreter*innen: Frau G\u00f6rsch, Frau C. Nave<\/p>\n<p>&nbsp;<\/p>\n<p><strong>\u00a0<\/strong><\/p>\n","protected":false},"excerpt":{"rendered":"<p>Fachkonferenz Deutsch\u00a0\u00a0\u00a0 Leitung: Frau F\u00fcrstenberg-B\u00f6ning, Frau St\u00fcmpel Elternvertreter*innen: Frau J. Nave, Frau Stahl Fachkonferenz Mathematik Herr Lehmann, Frau Dr. Nagel Elternvertreter*innen: Frau J. Nave, Frau V\u00f6llings Fachkonferenz Sachunterricht Leitung: Frau Heinze, Frau Nickel Elternvertreter*innen: Frau C. Nave, Herr Voigt Fachkonferenz Englisch Leitung: Frau Ringleb Elternvertreter*innen: Frau Ernst, Herr Voigt Fachkonferenz Sport Leitung: Frau Born, Frau [&hellip;]<\/p>\n","protected":false},"author":1,"featured_media":0,"parent":0,"menu_order":0,"comment_status":"closed","ping_status":"closed","template":"","meta":{"footnotes":""},"class_list":["post-1895","page","type-page","status-publish","hentry"],"_links":{"self":[{"href":"http:\/\/gsgiesen.g-werbe.net\/index.php\/wp-json\/wp\/v2\/pages\/1895","targetHints":{"allow":["GET"]}}],"collection":[{"href":"http:\/\/gsgiesen.g-werbe.net\/index.php\/wp-json\/wp\/v2\/pages"}],"about":[{"href":"http:\/\/gsgiesen.g-werbe.net\/index.php\/wp-json\/wp\/v2\/types\/page"}],"author":[{"embeddable":true,"href":"http:\/\/gsgiesen.g-werbe.net\/index.php\/wp-json\/wp\/v2\/users\/1"}],"replies":[{"embeddable":true,"href":"http:\/\/gsgiesen.g-werbe.net\/index.php\/wp-json\/wp\/v2\/comments?post=1895"}],"version-history":[{"count":16,"href":"http:\/\/gsgiesen.g-werbe.net\/index.php\/wp-json\/wp\/v2\/pages\/1895\/revisions"}],"predecessor-version":[{"id":4357,"href":"http:\/\/gsgiesen.g-werbe.net\/index.php\/wp-json\/wp\/v2\/pages\/1895\/revisions\/4357"}],"wp:attachment":[{"href":"http:\/\/gsgiesen.g-werbe.net\/index.php\/wp-json\/wp\/v2\/media?parent=1895"}],"curies":[{"name":"wp","href":"https:\/\/api.w.org\/{rel}","templated":true}]}}