{"id":1232,"date":"2017-06-01T20:50:08","date_gmt":"2017-06-01T18:50:08","guid":{"rendered":"http:\/\/gsgiesen.g-werbe.net\/v2\/?page_id=1232"},"modified":"2023-02-14T12:58:08","modified_gmt":"2023-02-14T11:58:08","slug":"buecherei-giesen","status":"publish","type":"page","link":"https:\/\/gsgiesen.g-werbe.net\/index.php\/schulleben\/buecherei\/buecherei-giesen\/","title":{"rendered":"B\u00fccherei Giesen"},"content":{"rendered":"<div>\n<p>Der F\u00f6rderverein der Grundschule Giesen hat im Jahr 1999 mit starker Unterst\u00fctzung von Eltern und Mitgliedern sowie Hilfestellung durch die Kreisb\u00fccherei eine B\u00fccherei eingerichtet.<\/p>\n<p>Ge\u00f6ffnet ist die B\u00fccherei f\u00fcr alle Leseratten jeweils mittwochs in der ersten gro\u00dfen Pause von 9.35 bis 10.10 Uhr. Die Ausleihe wird von einer engagierten ehrenamtlichen Mitarbeiterin unseres F\u00f6rdervereins organisiert und ist f\u00fcr die Sch\u00fcler*innen kostenfrei. Ausleihe, R\u00fcckgabe, aber nat\u00fcrlich auch die Reparatur besch\u00e4digter B\u00fccher, Einbinden und Inventarisieren von Neuanschaffungen sind dar\u00fcber hinaus noch Arbeiten, die vom \u201eB\u00fccherei-Team\u201c &#8211; das dringend Verst\u00e4rkung sucht ! &#8211; mit gro\u00dfem Eifer erledigt werden.<\/p>\n<p>Derzeit haben unsere Sch\u00fclerinnen und Sch\u00fcler die auswahl zwischen 1500 B\u00fcchern; in 2017 konnten 101 neue B\u00fccher angeschafft werden. Die Neuanschaffungen verdanken wir gro\u00dfz\u00fcgigen Sachspenden des Rotary-Clubs, sowie Sachspenden der Verlage Ullmann, S\u00fcdpol und Popcorn.<\/p>\n<p>Besonders beliebt sind bei den Sch\u00fclerinnen und Sch\u00fclern zum Beispiel:<\/p>\n<p>Der kleine Drache Kokosnuss<\/p>\n<p>Die Olchis<\/p>\n<p>Meine Freundin Conni<\/p>\n<p>Ponyhof Liliengr\u00fcn<\/p>\n<p>Mariella Meerm\u00e4dchen<\/p>\n<p>Greg\u2018s Tagebuch<\/p>\n<p>Star Wars<\/p>\n<p>Das magische Baumhaus<\/p>\n<p>Die drei ??? Kids<\/p>\n<p>Die drei !!!<\/p>\n<p>sowie Comics der Schl\u00fcmpfe und des Asterix<\/p>\n<p>Turnusm\u00e4\u00dfige Anschaffungen von Neuerscheinungen und Spenden haben den Bestand von Kinderb\u00fcchern als Lesevergn\u00fcgen, aber auch Sachb\u00fcchern f\u00fcr Wissbegierige wachsen lassen.<\/p>\n<p>Ganz besonderes Interesse f\u00fcr B\u00fccher und Lesen kommt immer zum Jahresende auf, wenn die zweiten bis vierten Klassen aus Ihren Reihen jeweils zwei Sch\u00fcler zum vom F\u00f6rderverein organisierten Lesewettbewerb schicken. Eine Jury aus Lehrern, der Bibliothekarin der Gemeindeb\u00fccherei sowie dem Vorstand des F\u00f6rdervereins ermitteln dann den Sieger eines Schuljahrgangs. Die Siegerehrung durch den Vorstand w\u00e4hrend der Jahresabschlussfeier ger\u00e4t dann auch immer zum spannenden H\u00f6hepunkt des letzten Schultages im Jahr. Die Klassenkameraden bejubeln ihre ersten und zweiten Sieger durch tosenden Applaus mit H\u00e4nden und F\u00fc\u00dfen.<\/p>\n<p>Einmal im Schuljahr wird es so richtig kuschelig und spannend, wenn der F\u00f6rderverein zum beliebten Lesenachmittag einl\u00e4dt. Die B\u00fccherei wird liebevoll dekoriert, ein Sofa und Matratzen sorgen f\u00fcr zus\u00e4tzliche Gem\u00fctlichkeit. Die Kinder bringen sich ein Kissen und eine Wolldecke mit und lauschen dann den vorlesenden G\u00e4sten. Dabei steht jeder Lesenachmittag unter einem neuen Motto, zuletzt \u201eHexen und Zauberer\u201c.<\/p>\n<\/div>\n<p>&nbsp;<\/p>\n","protected":false},"excerpt":{"rendered":"<p>Der F\u00f6rderverein der Grundschule Giesen hat im Jahr 1999 mit starker Unterst\u00fctzung von Eltern und Mitgliedern sowie Hilfestellung durch die Kreisb\u00fccherei eine B\u00fccherei eingerichtet. Ge\u00f6ffnet ist die B\u00fccherei f\u00fcr alle Leseratten jeweils mittwochs in der ersten gro\u00dfen Pause von 9.35 bis 10.10 Uhr. Die Ausleihe wird von einer engagierten ehrenamtlichen Mitarbeiterin unseres F\u00f6rdervereins organisiert und [&hellip;]<\/p>\n","protected":false},"author":1,"featured_media":0,"parent":155,"menu_order":0,"comment_status":"closed","ping_status":"closed","template":"","meta":{"footnotes":""},"class_list":["post-1232","page","type-page","status-publish","hentry"],"_links":{"self":[{"href":"https:\/\/gsgiesen.g-werbe.net\/index.php\/wp-json\/wp\/v2\/pages\/1232","targetHints":{"allow":["GET"]}}],"collection":[{"href":"https:\/\/gsgiesen.g-werbe.net\/index.php\/wp-json\/wp\/v2\/pages"}],"about":[{"href":"https:\/\/gsgiesen.g-werbe.net\/index.php\/wp-json\/wp\/v2\/types\/page"}],"author":[{"embeddable":true,"href":"https:\/\/gsgiesen.g-werbe.net\/index.php\/wp-json\/wp\/v2\/users\/1"}],"replies":[{"embeddable":true,"href":"https:\/\/gsgiesen.g-werbe.net\/index.php\/wp-json\/wp\/v2\/comments?post=1232"}],"version-history":[{"count":7,"href":"https:\/\/gsgiesen.g-werbe.net\/index.php\/wp-json\/wp\/v2\/pages\/1232\/revisions"}],"predecessor-version":[{"id":4211,"href":"https:\/\/gsgiesen.g-werbe.net\/index.php\/wp-json\/wp\/v2\/pages\/1232\/revisions\/4211"}],"up":[{"embeddable":true,"href":"https:\/\/gsgiesen.g-werbe.net\/index.php\/wp-json\/wp\/v2\/pages\/155"}],"wp:attachment":[{"href":"https:\/\/gsgiesen.g-werbe.net\/index.php\/wp-json\/wp\/v2\/media?parent=1232"}],"curies":[{"name":"wp","href":"https:\/\/api.w.org\/{rel}","templated":true}]}}