{"id":1241,"date":"2017-06-01T20:53:12","date_gmt":"2017-06-01T18:53:12","guid":{"rendered":"http:\/\/gsgiesen.g-werbe.net\/v2\/?page_id=1241"},"modified":"2023-08-22T14:16:16","modified_gmt":"2023-08-22T12:16:16","slug":"rundgang-giesen","status":"publish","type":"page","link":"https:\/\/gsgiesen.g-werbe.net\/index.php\/unsere-schule\/rundgang\/rundgang-giesen\/","title":{"rendered":"Rundgang Giesen"},"content":{"rendered":"<p>Der Schulstandort Giesen verf\u00fcgt \u00fcber 9 Unterrichtsr\u00e4ume, 1 Musikraum, 1 Werkraum, 1 Turnhalle, 2 Lehrmittel- und Materialr\u00e4ume, 1 kleinen F\u00f6rderraum und einen Bereich f\u00fcr die Schulkindbetreuung.<\/p>\n<p>Der F\u00f6rderverein des Schulstandortes Giesen betreut die Schulb\u00fccherei.<br \/>\nIn unserem Nebengeb\u00e4ude befindet sich die Gemeindeb\u00fccherei.<\/p>\n<p>&nbsp;<\/p>\n\n\t\t<style type=\"text\/css\">\n\t\t\t#gallery-1 {\n\t\t\t\tmargin: auto;\n\t\t\t}\n\t\t\t#gallery-1 .gallery-item {\n\t\t\t\tfloat: left;\n\t\t\t\tmargin-top: 10px;\n\t\t\t\ttext-align: center;\n\t\t\t\twidth: 33%;\n\t\t\t}\n\t\t\t#gallery-1 img {\n\t\t\t\tborder: 2px solid #cfcfcf;\n\t\t\t}\n\t\t\t#gallery-1 .gallery-caption {\n\t\t\t\tmargin-left: 0;\n\t\t\t}\n\t\t\t\/* see gallery_shortcode() in wp-includes\/media.php *\/\n\t\t<\/style>\n\t\t<div id='gallery-1' class='gallery galleryid-1241 gallery-columns-3 gallery-size-thumbnail'><dl class='gallery-item'>\n\t\t\t<dt class='gallery-icon landscape'>\n\t\t\t\t<a href='https:\/\/gsgiesen.g-werbe.net\/wp-content\/uploads\/2017\/04\/10.jpg'><img loading=\"lazy\" decoding=\"async\" width=\"150\" height=\"150\" src=\"https:\/\/gsgiesen.g-werbe.net\/wp-content\/uploads\/2017\/04\/10-150x150.jpg\" class=\"attachment-thumbnail size-thumbnail\" alt=\"\" \/><\/a>\n\t\t\t<\/dt><\/dl><dl class='gallery-item'>\n\t\t\t<dt class='gallery-icon landscape'>\n\t\t\t\t<a href='https:\/\/gsgiesen.g-werbe.net\/wp-content\/uploads\/2017\/04\/20.jpg'><img loading=\"lazy\" decoding=\"async\" width=\"150\" height=\"150\" src=\"https:\/\/gsgiesen.g-werbe.net\/wp-content\/uploads\/2017\/04\/20-150x150.jpg\" class=\"attachment-thumbnail size-thumbnail\" alt=\"\" \/><\/a>\n\t\t\t<\/dt><\/dl><dl class='gallery-item'>\n\t\t\t<dt class='gallery-icon landscape'>\n\t\t\t\t<a href='https:\/\/gsgiesen.g-werbe.net\/wp-content\/uploads\/2017\/04\/30.jpg'><img loading=\"lazy\" decoding=\"async\" width=\"150\" height=\"150\" src=\"https:\/\/gsgiesen.g-werbe.net\/wp-content\/uploads\/2017\/04\/30-150x150.jpg\" class=\"attachment-thumbnail size-thumbnail\" alt=\"\" \/><\/a>\n\t\t\t<\/dt><\/dl><br style=\"clear: both\" \/><dl class='gallery-item'>\n\t\t\t<dt class='gallery-icon landscape'>\n\t\t\t\t<a href='https:\/\/gsgiesen.g-werbe.net\/wp-content\/uploads\/2017\/04\/35.jpg'><img loading=\"lazy\" decoding=\"async\" width=\"150\" height=\"150\" src=\"https:\/\/gsgiesen.g-werbe.net\/wp-content\/uploads\/2017\/04\/35-150x150.jpg\" class=\"attachment-thumbnail size-thumbnail\" alt=\"\" \/><\/a>\n\t\t\t<\/dt><\/dl><dl class='gallery-item'>\n\t\t\t<dt class='gallery-icon landscape'>\n\t\t\t\t<a href='https:\/\/gsgiesen.g-werbe.net\/wp-content\/uploads\/2017\/04\/36.jpg'><img loading=\"lazy\" decoding=\"async\" width=\"150\" height=\"150\" src=\"https:\/\/gsgiesen.g-werbe.net\/wp-content\/uploads\/2017\/04\/36-150x150.jpg\" class=\"attachment-thumbnail size-thumbnail\" alt=\"\" \/><\/a>\n\t\t\t<\/dt><\/dl><dl class='gallery-item'>\n\t\t\t<dt class='gallery-icon landscape'>\n\t\t\t\t<a href='https:\/\/gsgiesen.g-werbe.net\/wp-content\/uploads\/2017\/04\/60.jpg'><img loading=\"lazy\" decoding=\"async\" width=\"150\" height=\"150\" src=\"https:\/\/gsgiesen.g-werbe.net\/wp-content\/uploads\/2017\/04\/60-150x150.jpg\" class=\"attachment-thumbnail size-thumbnail\" alt=\"\" \/><\/a>\n\t\t\t<\/dt><\/dl><br style=\"clear: both\" \/><dl class='gallery-item'>\n\t\t\t<dt class='gallery-icon landscape'>\n\t\t\t\t<a href='https:\/\/gsgiesen.g-werbe.net\/wp-content\/uploads\/2017\/04\/GS-Giesen-16.jpg'><img loading=\"lazy\" decoding=\"async\" width=\"150\" height=\"150\" src=\"https:\/\/gsgiesen.g-werbe.net\/wp-content\/uploads\/2017\/04\/GS-Giesen-16-150x150.jpg\" class=\"attachment-thumbnail size-thumbnail\" alt=\"\" \/><\/a>\n\t\t\t<\/dt><\/dl><dl class='gallery-item'>\n\t\t\t<dt class='gallery-icon landscape'>\n\t\t\t\t<a href='https:\/\/gsgiesen.g-werbe.net\/wp-content\/uploads\/2017\/03\/schulfest-057.jpg'><img loading=\"lazy\" decoding=\"async\" width=\"150\" height=\"150\" src=\"https:\/\/gsgiesen.g-werbe.net\/wp-content\/uploads\/2017\/03\/schulfest-057-150x150.jpg\" class=\"attachment-thumbnail size-thumbnail\" alt=\"\" \/><\/a>\n\t\t\t<\/dt><\/dl><dl class='gallery-item'>\n\t\t\t<dt class='gallery-icon landscape'>\n\t\t\t\t<a href='https:\/\/gsgiesen.g-werbe.net\/wp-content\/uploads\/2017\/04\/betreuung.jpg'><img loading=\"lazy\" decoding=\"async\" width=\"150\" height=\"150\" src=\"https:\/\/gsgiesen.g-werbe.net\/wp-content\/uploads\/2017\/04\/betreuung-150x150.jpg\" class=\"attachment-thumbnail size-thumbnail\" alt=\"\" \/><\/a>\n\t\t\t<\/dt><\/dl><br style=\"clear: both\" \/><dl class='gallery-item'>\n\t\t\t<dt class='gallery-icon landscape'>\n\t\t\t\t<a href='https:\/\/gsgiesen.g-werbe.net\/wp-content\/uploads\/2017\/03\/schulfest-060.jpg'><img loading=\"lazy\" decoding=\"async\" width=\"150\" height=\"150\" src=\"https:\/\/gsgiesen.g-werbe.net\/wp-content\/uploads\/2017\/03\/schulfest-060-150x150.jpg\" class=\"attachment-thumbnail size-thumbnail\" alt=\"\" \/><\/a>\n\t\t\t<\/dt><\/dl><dl class='gallery-item'>\n\t\t\t<dt class='gallery-icon landscape'>\n\t\t\t\t<a href='https:\/\/gsgiesen.g-werbe.net\/wp-content\/uploads\/2017\/04\/GS-Giesen-8.jpg'><img loading=\"lazy\" decoding=\"async\" width=\"150\" height=\"150\" src=\"https:\/\/gsgiesen.g-werbe.net\/wp-content\/uploads\/2017\/04\/GS-Giesen-8-150x150.jpg\" class=\"attachment-thumbnail size-thumbnail\" alt=\"\" \/><\/a>\n\t\t\t<\/dt><\/dl><dl class='gallery-item'>\n\t\t\t<dt class='gallery-icon landscape'>\n\t\t\t\t<a href='https:\/\/gsgiesen.g-werbe.net\/wp-content\/uploads\/2017\/04\/GS-Giesen-7.jpg'><img loading=\"lazy\" decoding=\"async\" width=\"150\" height=\"150\" src=\"https:\/\/gsgiesen.g-werbe.net\/wp-content\/uploads\/2017\/04\/GS-Giesen-7-150x150.jpg\" class=\"attachment-thumbnail size-thumbnail\" alt=\"\" \/><\/a>\n\t\t\t<\/dt><\/dl><br style=\"clear: both\" \/>\n\t\t<\/div>\n\n","protected":false},"excerpt":{"rendered":"<p>Der Schulstandort Giesen verf\u00fcgt \u00fcber 9 Unterrichtsr\u00e4ume, 1 Musikraum, 1 Werkraum, 1 Turnhalle, 2 Lehrmittel- und Materialr\u00e4ume, 1 kleinen F\u00f6rderraum und einen Bereich f\u00fcr die Schulkindbetreuung. Der F\u00f6rderverein des Schulstandortes Giesen betreut die Schulb\u00fccherei. In unserem Nebengeb\u00e4ude befindet sich die Gemeindeb\u00fccherei. &nbsp;<\/p>\n","protected":false},"author":1,"featured_media":0,"parent":149,"menu_order":0,"comment_status":"closed","ping_status":"closed","template":"","meta":{"footnotes":""},"class_list":["post-1241","page","type-page","status-publish","hentry"],"_links":{"self":[{"href":"https:\/\/gsgiesen.g-werbe.net\/index.php\/wp-json\/wp\/v2\/pages\/1241","targetHints":{"allow":["GET"]}}],"collection":[{"href":"https:\/\/gsgiesen.g-werbe.net\/index.php\/wp-json\/wp\/v2\/pages"}],"about":[{"href":"https:\/\/gsgiesen.g-werbe.net\/index.php\/wp-json\/wp\/v2\/types\/page"}],"author":[{"embeddable":true,"href":"https:\/\/gsgiesen.g-werbe.net\/index.php\/wp-json\/wp\/v2\/users\/1"}],"replies":[{"embeddable":true,"href":"https:\/\/gsgiesen.g-werbe.net\/index.php\/wp-json\/wp\/v2\/comments?post=1241"}],"version-history":[{"count":12,"href":"https:\/\/gsgiesen.g-werbe.net\/index.php\/wp-json\/wp\/v2\/pages\/1241\/revisions"}],"predecessor-version":[{"id":4233,"href":"https:\/\/gsgiesen.g-werbe.net\/index.php\/wp-json\/wp\/v2\/pages\/1241\/revisions\/4233"}],"up":[{"embeddable":true,"href":"https:\/\/gsgiesen.g-werbe.net\/index.php\/wp-json\/wp\/v2\/pages\/149"}],"wp:attachment":[{"href":"https:\/\/gsgiesen.g-werbe.net\/index.php\/wp-json\/wp\/v2\/media?parent=1241"}],"curies":[{"name":"wp","href":"https:\/\/api.w.org\/{rel}","templated":true}]}}