{"id":1314,"date":"2017-06-12T10:14:59","date_gmt":"2017-06-12T08:14:59","guid":{"rendered":"http:\/\/gsgiesen.g-werbe.net\/v2\/?page_id=1314"},"modified":"2020-11-02T18:18:49","modified_gmt":"2020-11-02T17:18:49","slug":"startseite","status":"publish","type":"page","link":"https:\/\/gsgiesen.g-werbe.net\/index.php\/startseite\/","title":{"rendered":"Corona &#8211; Schulinformationen"},"content":{"rendered":"<p><span style=\"font-family: arial, helvetica, sans-serif; color: #000000;\">Stand 31. Oktober\u00a0 2020<\/span><\/p>\n<hr \/>\n<p><span style=\"text-decoration: underline;\"><strong><span style=\"font-family: arial, helvetica, sans-serif; color: #ff0000; text-decoration: underline;\">AKTUELLE INFORMATIONEN<\/span><\/strong><\/span><\/p>\n<p><span style=\"color: #0000ff; font-family: arial, helvetica, sans-serif;\"><strong>Liebe Eltern,<\/strong><\/span><\/p>\n<p><strong><span style=\"font-family: arial, helvetica, sans-serif; color: #0000ff;\">am Montag, den 2. November 2020 und in der kommenden Woche findet an beiden Schulstandorten der Grundschule Giesen-Hasede normaler Unterricht statt.<\/span><\/strong><\/p>\n<p><span style=\"color: #0000ff;\"><strong><span style=\"font-family: arial, helvetica, sans-serif;\">Sollten sich \u00c4nderungen durch die Pandemiesituation ergeben, werden Sie \u00fcber die Homepage und \u00fcber Ihre Elternvertreter zeitnah informiert.<\/span><\/strong><\/span><\/p>\n<p><span style=\"text-decoration: underline; color: #ff00ff;\"><span style=\"font-size: 14pt;\"><strong><span style=\"font-family: arial, helvetica, sans-serif;\">Allgemeine Informationen<\/span><\/strong><\/span><\/span><\/p>\n<p><span style=\"font-family: arial, helvetica, sans-serif; color: #ff00ff;\">Aufgrund der rasant ansteigenden Corona-Infektionszahlen m\u00fcssen wir in der Schule besondere Vorkehrungen treffen: Mund-Nasenschutz in den Fluren und auf dem Pausenhof sowie Abstandsregeln zu anderen Kohorten, regelm\u00e4\u00dfiges H\u00e4ndewaschen und regelm\u00e4\u00dfiges L\u00fcften der Klassenr\u00e4ume.<\/span><\/p>\n<p><span style=\"font-family: arial, helvetica, sans-serif; color: #ff00ff;\">Die Grundsch\u00fcler d\u00fcrfen in den Klassenr\u00e4umen einen Mund-Nasenschutz tragen. Jedoch ist dies in der Grundschule derzeit nicht verpflichtend. <\/span><\/p>\n<p><span style=\"font-family: arial, helvetica, sans-serif; color: #ff00ff;\">Um Erk\u00e4ltungen vorzubeugen, bitte wir Sie, Ihrem Kind eine warme, flauschige Jacke oder eine Decke mitzugeben, die es sich im Klassenraum w\u00e4hrend des L\u00fcftens anziehen bzw. umh\u00e4ngen kann. Decke oder Jacke d\u00fcrfen nach Unterrichtsschluss im Klassenraum bleiben.<\/span><\/p>\n<p><span style=\"font-family: arial, helvetica, sans-serif; color: #ff00ff;\">Bitte schicken Sie Ihr Kind nur dann in die Schule, wenn es keine Erk\u00e4ltungssymptome zeigt. Nur\u00a0 gemeinsam sind wir in der Lage eine \u00dcbertragung mit dem Corona-Virus nach M\u00f6glichkeit zu reduzieren. Auch das Reduzieren sozialer Kontakte hilft, die Verbreitung des Virus zu minimieren. <\/span><\/p>\n<p><span style=\"font-family: arial, helvetica, sans-serif; color: #ff00ff;\">Wenn sich im h\u00e4uslichen Umfeld des Kindes eine Person mit Risikofaktoren befindet, ist es auf schriftlichen Antrag <em>und<\/em> nach Pr\u00fcfung der Voraussetzungen m\u00f6glich, das Kind aus dem Pr\u00e4senzunterricht zu nehmen. Bitte kontaktieren Sie in diesem Fall die Schulleitung.<\/span><\/p>\n<p><span style=\"font-family: arial, helvetica, sans-serif; color: #ff00ff;\">Bitte unterst\u00fctzen Sie uns, damit eine Ansteckung in unserer Schule vermieden werden kann. Vielen Dank!<\/span><\/p>\n<p><span style=\"font-family: arial, helvetica, sans-serif; color: #ff00ff;\">Bleiben Sie und Ihre Familie gesund!<\/span><\/p>\n<p>&nbsp;<\/p>\n<p><span style=\"font-family: arial, helvetica, sans-serif; color: #ff00ff;\">Die Schulleitung<\/span><\/p>\n<p><span style=\"font-size: 18pt; color: #0000ff;\"><strong><span style=\"font-family: arial, helvetica, sans-serif;\">Zutrittsbeschr\u00e4nkungen<\/span><\/strong><\/span><\/p>\n<p><span style=\"color: #0000ff; font-size: 12pt;\"><span style=\"font-family: arial, helvetica, sans-serif;\">Aufgrund der Corona Pandemie werden alle Besucher der Schule gebeten, sich ab sofort telefonisch anzumelden und beim Betreten der Schule ein Kontaktformular\u00a0 mit dem Vor- und Zunamen sowie Telefonnumer oder E-Mail Adresse auszuf\u00fcllen. Auch der Zeitpunkt des Betretens und des Verlassens der Schule ist zu dokumentieren. <\/span><\/span><\/p>\n<p><span style=\"font-size: 12pt;\"><span style=\"font-family: arial, helvetica, sans-serif; color: #0000ff;\">Eltern ist das Bringen und Abholen der Kinder innerhalb des Schulgeb\u00e4udes untersagt.<\/span><\/span><\/p>\n<p><span style=\"color: #0000ff; font-size: 12pt;\"><span style=\"font-family: arial, helvetica, sans-serif;\">Um eine m\u00f6gliche Ansteckungsgefahr auf ein Mindesma\u00df zu reduzieren, bitten wir um Verst\u00e4ndnis, dass die Lehrkr\u00e4fte angehalten sind, die Klassenr\u00e4ume so oft es geht zu l\u00fcften und\u00a0 die Fenster nach M\u00f6glichkeit ge\u00f6ffnet zu lassen, soweit es die Witterungsbedingungen zulassen. <\/span><\/span><\/p>\n<p><span style=\"color: #0000ff; font-size: 12pt;\"><span style=\"font-family: arial, helvetica, sans-serif;\">Diese\u00a0 Vorsichtsma\u00dfnahme wird vom Gesundheitsamt unterst\u00fctzt und bef\u00fcrwortet. Die Kinder sollten aus diesem Grund warme Kleidung tragen und ggf. eine Decke mitbringen.<\/span><\/span><\/p>\n<p><span style=\"font-family: arial, helvetica, sans-serif; font-size: 12pt; color: #0000ff;\">Wir bitten Sie um Vest\u00e4ndnis f\u00fcr diese Ma\u00dfnahmen. Sie\u00a0 gelten der Sicherheit unserer Schulkinder, unserer Lehrkr\u00e4fte, p\u00e4dagogischen Mitarbeiterinnen und auch f\u00fcr Sie.<\/span><\/p>\n<p><span style=\"font-family: arial, helvetica, sans-serif; font-size: 12pt; color: #0000ff;\">Vielen Dank!<\/span><\/p>\n<p>&nbsp;<\/p>\n<p><span style=\"font-size: 24pt;\"><strong><span style=\"font-family: arial, helvetica, sans-serif;\">GRIPPEIMPFUNG 2020<\/span><\/strong><\/span><\/p>\n<p><img loading=\"lazy\" decoding=\"async\" class=\"\" src=\"https:\/\/cdn.pixabay.com\/photo\/2017\/11\/03\/20\/11\/nurse-2915543__340.jpg\" srcset=\"https:\/\/cdn.pixabay.com\/photo\/2017\/11\/03\/20\/11\/nurse-2915543__340.jpg 1x, https:\/\/cdn.pixabay.com\/photo\/2017\/11\/03\/20\/11\/nurse-2915543__480.jpg 2x\" alt=\"Krankenschwester, Impfung, Junge\" width=\"167\" height=\"137\" data-lazy-srcset=\"https:\/\/cdn.pixabay.com\/photo\/2017\/11\/03\/20\/11\/nurse-2915543__340.jpg 1x, https:\/\/cdn.pixabay.com\/photo\/2017\/11\/03\/20\/11\/nurse-2915543__480.jpg 2x\" data-lazy=\"https:\/\/cdn.pixabay.com\/photo\/2017\/11\/03\/20\/11\/nurse-2915543__340.jpg\" \/><\/p>\n<p><strong><span style=\"font-family: arial, helvetica, sans-serif; font-size: 14pt; color: #0000ff;\">Das RKI und das Gesundheitsministerium empfehlen in diesem Jahr aufgrund der Corona-Pandemie eine Grippeimpfung f\u00fcr alle Kinder. Bitte folgen Sie den Empfehlungen und lassen Sie sich von Ihrem Hausarzt oder Kinderarzt beraten. Ein kleiner Pieks bringt uns allen mehr Sicherheit und kann eine Infektion mit Grippeviren ausschlie\u00dfen.<\/span><\/strong><\/p>\n<p><strong><span style=\"color: #0000ff; font-family: arial, helvetica, sans-serif; font-size: 14pt;\">Bleiben Sie, Ihre Kinder und Angeh\u00f6rigen weiterhin gesund!<\/span><\/strong><\/p>\n<p>&nbsp;<\/p>\n<p>&nbsp;<\/p>\n<h1>Grundschule Giesen-Hasede<\/h1>\n<p>Wir sind eine dreiz\u00fcgige Grundschule mit 2 Schulstandorten: Giesen und Hasede. Der Schulstandort Giesen ist zweiz\u00fcgig, der Schulstandort Hasede ist einz\u00fcgig. Der Schulbus sorgt f\u00fcr einen gefahrlosen Schulweg zu beiden Schulstandorten.<\/p>\n<h2>Verl\u00e4ssliche Grundschule<\/h2>\n<p>Unsere Schulstandorte Giesen und Hasede sind verl\u00e4ssliche Grundschulen (VGS) d.h. wir haben einen Schulvormittag mit t\u00e4glich gleich bleibenden verl\u00e4sslichen Anfangs- und Endzeiten. Unterrichtsausf\u00e4lle k\u00f6nnen so weitgehend vermieden werden.<\/p>\n<p>&nbsp;<\/p>\n<p><img loading=\"lazy\" decoding=\"async\" class=\"alignnone size-full wp-image-1326\" src=\"http:\/\/gsgiesen.g-werbe.net\/v2\/wp-content\/uploads\/2017\/06\/schule.jpg\" alt=\"\" width=\"933\" height=\"364\" srcset=\"https:\/\/gsgiesen.g-werbe.net\/wp-content\/uploads\/2017\/06\/schule.jpg 933w, https:\/\/gsgiesen.g-werbe.net\/wp-content\/uploads\/2017\/06\/schule-300x117.jpg 300w, https:\/\/gsgiesen.g-werbe.net\/wp-content\/uploads\/2017\/06\/schule-768x300.jpg 768w, https:\/\/gsgiesen.g-werbe.net\/wp-content\/uploads\/2017\/06\/schule-250x98.jpg 250w\" sizes=\"auto, (max-width: 933px) 100vw, 933px\" \/><br \/>\n<sup>Hauptstandort Giesen<\/sup><\/p>\n<p>&nbsp;<\/p>\n<p><img loading=\"lazy\" decoding=\"async\" class=\"alignnone wp-image-891\" src=\"http:\/\/gsgiesen.g-werbe.net\/v2\/wp-content\/uploads\/2017\/04\/Hasede-Fotos4-300x225.jpeg\" alt=\"\" width=\"285\" height=\"214\" srcset=\"https:\/\/gsgiesen.g-werbe.net\/wp-content\/uploads\/2017\/04\/Hasede-Fotos4-300x225.jpeg 300w, https:\/\/gsgiesen.g-werbe.net\/wp-content\/uploads\/2017\/04\/Hasede-Fotos4-768x576.jpeg 768w, https:\/\/gsgiesen.g-werbe.net\/wp-content\/uploads\/2017\/04\/Hasede-Fotos4.jpeg 1024w\" sizes=\"auto, (max-width: 285px) 100vw, 285px\" \/><br \/>\n<sup>Nebenstandort Hasede<\/sup><\/p>\n<p>&nbsp;<\/p>\n","protected":false},"excerpt":{"rendered":"<p>Stand 31. Oktober\u00a0 2020 AKTUELLE INFORMATIONEN Liebe Eltern, am Montag, den 2. November 2020 und in der kommenden Woche findet an beiden Schulstandorten der Grundschule Giesen-Hasede normaler Unterricht statt. Sollten sich \u00c4nderungen durch die Pandemiesituation ergeben, werden Sie \u00fcber die Homepage und \u00fcber Ihre Elternvertreter zeitnah informiert. Allgemeine Informationen Aufgrund der rasant ansteigenden Corona-Infektionszahlen m\u00fcssen [&hellip;]<\/p>\n","protected":false},"author":1,"featured_media":0,"parent":0,"menu_order":0,"comment_status":"closed","ping_status":"closed","template":"","meta":{"footnotes":""},"class_list":["post-1314","page","type-page","status-publish","hentry"],"_links":{"self":[{"href":"https:\/\/gsgiesen.g-werbe.net\/index.php\/wp-json\/wp\/v2\/pages\/1314","targetHints":{"allow":["GET"]}}],"collection":[{"href":"https:\/\/gsgiesen.g-werbe.net\/index.php\/wp-json\/wp\/v2\/pages"}],"about":[{"href":"https:\/\/gsgiesen.g-werbe.net\/index.php\/wp-json\/wp\/v2\/types\/page"}],"author":[{"embeddable":true,"href":"https:\/\/gsgiesen.g-werbe.net\/index.php\/wp-json\/wp\/v2\/users\/1"}],"replies":[{"embeddable":true,"href":"https:\/\/gsgiesen.g-werbe.net\/index.php\/wp-json\/wp\/v2\/comments?post=1314"}],"version-history":[{"count":72,"href":"https:\/\/gsgiesen.g-werbe.net\/index.php\/wp-json\/wp\/v2\/pages\/1314\/revisions"}],"predecessor-version":[{"id":3819,"href":"https:\/\/gsgiesen.g-werbe.net\/index.php\/wp-json\/wp\/v2\/pages\/1314\/revisions\/3819"}],"wp:attachment":[{"href":"https:\/\/gsgiesen.g-werbe.net\/index.php\/wp-json\/wp\/v2\/media?parent=1314"}],"curies":[{"name":"wp","href":"https:\/\/api.w.org\/{rel}","templated":true}]}}