{"id":143,"date":"2017-04-25T09:01:49","date_gmt":"2017-04-25T07:01:49","guid":{"rendered":"http:\/\/gsgiesen.g-werbe.net\/v2\/?page_id=143"},"modified":"2025-09-12T11:40:13","modified_gmt":"2025-09-12T09:40:13","slug":"elternvertretung","status":"publish","type":"page","link":"https:\/\/gsgiesen.g-werbe.net\/index.php\/eltern\/elternvertretung\/","title":{"rendered":"Klassenelternvertreter*innen 2025\/26"},"content":{"rendered":"<p>In jeder Klasse werden bei der ersten Elternversammlung\u00a0 die Elternvertreter*innen f\u00fcr die Dauer von zwei Jahren gew\u00e4hlt:<\/p>\n<p>1 Vorsitzende*r<br \/>\n1 Stellvertreter*in<br \/>\n2 Mitglieder f\u00fcr die Klassenkonferenzen<\/p>\n<p>Vorsitzende*r und Stellvertreter*in k\u00f6nnen gleichzeitig Mitglieder der Klassenkonferenz sein.<br \/>\nDie gew\u00e4hlten Elternvertreter*innen bilden den Klassenelternrat. Im Schulelternrat (SER) sind die Vorsitzenden und Stellvertreter*innen aller Klassen stimmberechtigte Mitglieder.<\/p>\n<p>Der SER ist erreichbar per Mail:\u00a0\u00a0\u00a0 schulelternrat@grundschulegiesen-hasede.de<\/p>\n<p>&nbsp;<\/p>\n<h3><span style=\"color: #3366ff;\"><strong>SER 2025\/26<\/strong><\/span><\/h3>\n<p>1a: Frau Wirries, Frau Kecovic<\/p>\n<p>1b: Frau Ernst<\/p>\n<p>2a: Frau G\u00f6rsch, Frau Magold<\/p>\n<p>2b: Herr Voigt, Frau Otto<\/p>\n<p>3a: Frau Labudda, Frau Nave<\/p>\n<p>3b: Herr Socha, Frau Kaplan<\/p>\n<p>4a: Frau V\u00f6llings, Herr Selck<\/p>\n<p>4b: Frau Neie-Kahl, Frau Stahl<\/p>\n","protected":false},"excerpt":{"rendered":"<p>In jeder Klasse werden bei der ersten Elternversammlung\u00a0 die Elternvertreter*innen f\u00fcr die Dauer von zwei Jahren gew\u00e4hlt: 1 Vorsitzende*r 1 Stellvertreter*in 2 Mitglieder f\u00fcr die Klassenkonferenzen Vorsitzende*r und Stellvertreter*in k\u00f6nnen gleichzeitig Mitglieder der Klassenkonferenz sein. Die gew\u00e4hlten Elternvertreter*innen bilden den Klassenelternrat. Im Schulelternrat (SER) sind die Vorsitzenden und Stellvertreter*innen aller Klassen stimmberechtigte Mitglieder. Der SER [&hellip;]<\/p>\n","protected":false},"author":1,"featured_media":0,"parent":60,"menu_order":0,"comment_status":"closed","ping_status":"closed","template":"","meta":{"footnotes":""},"class_list":["post-143","page","type-page","status-publish","hentry"],"_links":{"self":[{"href":"https:\/\/gsgiesen.g-werbe.net\/index.php\/wp-json\/wp\/v2\/pages\/143","targetHints":{"allow":["GET"]}}],"collection":[{"href":"https:\/\/gsgiesen.g-werbe.net\/index.php\/wp-json\/wp\/v2\/pages"}],"about":[{"href":"https:\/\/gsgiesen.g-werbe.net\/index.php\/wp-json\/wp\/v2\/types\/page"}],"author":[{"embeddable":true,"href":"https:\/\/gsgiesen.g-werbe.net\/index.php\/wp-json\/wp\/v2\/users\/1"}],"replies":[{"embeddable":true,"href":"https:\/\/gsgiesen.g-werbe.net\/index.php\/wp-json\/wp\/v2\/comments?post=143"}],"version-history":[{"count":36,"href":"https:\/\/gsgiesen.g-werbe.net\/index.php\/wp-json\/wp\/v2\/pages\/143\/revisions"}],"predecessor-version":[{"id":4352,"href":"https:\/\/gsgiesen.g-werbe.net\/index.php\/wp-json\/wp\/v2\/pages\/143\/revisions\/4352"}],"up":[{"embeddable":true,"href":"https:\/\/gsgiesen.g-werbe.net\/index.php\/wp-json\/wp\/v2\/pages\/60"}],"wp:attachment":[{"href":"https:\/\/gsgiesen.g-werbe.net\/index.php\/wp-json\/wp\/v2\/media?parent=143"}],"curies":[{"name":"wp","href":"https:\/\/api.w.org\/{rel}","templated":true}]}}