{"id":167,"date":"2017-04-25T09:16:48","date_gmt":"2017-04-25T07:16:48","guid":{"rendered":"http:\/\/gsgiesen.g-werbe.net\/v2\/?page_id=167"},"modified":"2024-09-15T19:35:34","modified_gmt":"2024-09-15T17:35:34","slug":"portrait","status":"publish","type":"page","link":"https:\/\/gsgiesen.g-werbe.net\/index.php\/foerderverein\/giesen\/portrait\/","title":{"rendered":"Portrait Giesen"},"content":{"rendered":"<h4>F\u00f6rderverein &#8211; Portrait<\/h4>\n<p><img loading=\"lazy\" decoding=\"async\" class=\"wp-image-4294  alignnone\" src=\"http:\/\/gsgiesen.g-werbe.net\/wp-content\/uploads\/2024\/09\/Logo_GS_Farbe_1.png\" alt=\"Logo F\u00f6rderverein Giesen, zwei Kinder tragen einen Buntstift\" width=\"238\" height=\"238\" \/><\/p>\n<p>Wir haben viele Ziele:<\/p>\n<p>* Wir wollen uns nicht damit abfinden, dass unseren Kindern keine optimale Schulausstattung zur Verf\u00fcgung gestellt wird, nur weil der Staat aufgrund leerer \u00f6ffentlicher Kassen nur Minimal-Standards gew\u00e4hrleistet.<\/p>\n<p>* Wir wollen nicht den Schultr\u00e4ger von seiner Leistungspflicht entbinden, sondern Projekte und Aktivit\u00e4ten f\u00fcr unsere Kinder durchsetzen, die ohne unseren Einsatz nicht m\u00f6glich sind. Wenn wir als Eltern uns nicht f\u00fcr verbesserte Rahmenbedingungen bei der Schulausbildung unserer Kinder einsetzen, wer dann?<\/p>\n<p>Und daf\u00fcr haben wir schon Einiges erreicht:<\/p>\n<p>Seit nunmehr fast 20 Jahren unterst\u00fctzen wir die von uns eingerichtete Schulb\u00fccherei mit einem Bestand von \u00fcber 1.300 B\u00fcchern, der st\u00e4ndig mit Neuerscheinungen aufgestockt wird. Ausleihe und Aufbereitungen neuer B\u00fccher organisieren wir mit Elternhilfe und Unterst\u00fctzung engagierter B\u00fcrger aus Giesen<\/p>\n<p>Neben der Anschaffung von Ausr\u00fcstung, Mobiliar und technischem Ger\u00e4t f\u00fcr den Computerraum, haben wir verschiedenste gr\u00f6\u00dfere und kleinere Anschaffungen get\u00e4tigt, um das Schulleben unserer Kinder attraktiver zu gestalten. Dazu geh\u00f6ren zum Beispiel:<\/p>\n<ul>\n<li>Musikinstrumente f\u00fcr die musikalische Fr\u00fcherziehung und zur Unterst\u00fctzung der musischen F\u00e4cher<\/li>\n<li>mobile Fu\u00dfballtore, f\u00fcr den Pausenhof<\/li>\n<li>Installation einer Kletterwand am Schulgeb\u00e4ude, bei welcher durch intensive Unterst\u00fctzung der Eltern bei Ger\u00fcst-, Maler-, Verputz und S\u00e4uberungsarbeiten hohe Kosten f\u00fcr den Schultr\u00e4ger gespart worden sind<\/li>\n<li>ein gro\u00dfes Seil-Kletterger\u00fcst welches mit Unterst\u00fctzung anderer Sponsoren realisiert werden konnte<\/li>\n<li>ein neue \u201eBananen-Schaukel\u201c f\u00fcr den Pausenhof, die in Kooperation mit anderen Ortsvereinen beschafft werden konnte<\/li>\n<li>Pachtung, Einrichtung und Unterhaltung eines Schulgartens in der Kleingartenkolonie Giesen, der in den Sachkundenunterricht integriert werden kann und schon das ein oder andere Mittagessen mit Kartoffeln versorgt hat<\/li>\n<\/ul>\n<p>Mit den Einnahmen aus Mitgliedsbeitr\u00e4gen, Events und Sammelaktionen, wie bspw. der Altpapiersammlung, die zweimal j\u00e4hrlich durchgef\u00fchrt wird, werden Ausfl\u00fcge der 1. Klassen, Ausfl\u00fcge in umliegende Freib\u00e4der o.\u00e4. finanziert. Dar\u00fcber hinaus erh\u00e4lt die Schulleitung ein j\u00e4hrliches Budget, aus welchem dringend ben\u00f6tigte Ausr\u00fcstung f\u00fcr den Schulalltag bezahlt werden k\u00f6nnen.<\/p>\n<p>Dar\u00fcber hinaus organisieren wir allj\u00e4hrlich Events, wie die<\/p>\n<ul>\n<li>Schools Out Party<\/li>\n<li>Leseabende f\u00fcr alle Jahrgangsstufen<\/li>\n<li>K\u00fcrbisfest im Schulgarten<\/li>\n<li>Selbstbehauptungskurse f\u00fcr die 4. Klassen<\/li>\n<li>Ferienaktionen, wie T\u00f6pfern, Filzen oder Fl\u00f6tenkurse<\/li>\n<\/ul>\n<p>&nbsp;<\/p>\n<p>&nbsp;<\/p>\n","protected":false},"excerpt":{"rendered":"<p>F\u00f6rderverein &#8211; Portrait Wir haben viele Ziele: * Wir wollen uns nicht damit abfinden, dass unseren Kindern keine optimale Schulausstattung zur Verf\u00fcgung gestellt wird, nur weil der Staat aufgrund leerer \u00f6ffentlicher Kassen nur Minimal-Standards gew\u00e4hrleistet. * Wir wollen nicht den Schultr\u00e4ger von seiner Leistungspflicht entbinden, sondern Projekte und Aktivit\u00e4ten f\u00fcr unsere Kinder durchsetzen, die ohne [&hellip;]<\/p>\n","protected":false},"author":1,"featured_media":0,"parent":165,"menu_order":0,"comment_status":"closed","ping_status":"closed","template":"","meta":{"footnotes":""},"class_list":["post-167","page","type-page","status-publish","hentry"],"_links":{"self":[{"href":"https:\/\/gsgiesen.g-werbe.net\/index.php\/wp-json\/wp\/v2\/pages\/167","targetHints":{"allow":["GET"]}}],"collection":[{"href":"https:\/\/gsgiesen.g-werbe.net\/index.php\/wp-json\/wp\/v2\/pages"}],"about":[{"href":"https:\/\/gsgiesen.g-werbe.net\/index.php\/wp-json\/wp\/v2\/types\/page"}],"author":[{"embeddable":true,"href":"https:\/\/gsgiesen.g-werbe.net\/index.php\/wp-json\/wp\/v2\/users\/1"}],"replies":[{"embeddable":true,"href":"https:\/\/gsgiesen.g-werbe.net\/index.php\/wp-json\/wp\/v2\/comments?post=167"}],"version-history":[{"count":10,"href":"https:\/\/gsgiesen.g-werbe.net\/index.php\/wp-json\/wp\/v2\/pages\/167\/revisions"}],"predecessor-version":[{"id":4314,"href":"https:\/\/gsgiesen.g-werbe.net\/index.php\/wp-json\/wp\/v2\/pages\/167\/revisions\/4314"}],"up":[{"embeddable":true,"href":"https:\/\/gsgiesen.g-werbe.net\/index.php\/wp-json\/wp\/v2\/pages\/165"}],"wp:attachment":[{"href":"https:\/\/gsgiesen.g-werbe.net\/index.php\/wp-json\/wp\/v2\/media?parent=167"}],"curies":[{"name":"wp","href":"https:\/\/api.w.org\/{rel}","templated":true}]}}