{"id":171,"date":"2017-04-25T09:17:23","date_gmt":"2017-04-25T07:17:23","guid":{"rendered":"http:\/\/gsgiesen.g-werbe.net\/v2\/?page_id=171"},"modified":"2026-02-11T19:08:52","modified_gmt":"2026-02-11T18:08:52","slug":"vorstand","status":"publish","type":"page","link":"https:\/\/gsgiesen.g-werbe.net\/index.php\/foerderverein\/giesen\/vorstand\/","title":{"rendered":"Vorstand F\u00f6rderverein Giesen"},"content":{"rendered":"<p><span style=\"font-family: arial, helvetica, sans-serif;font-size: 14pt\"><strong>F\u00f6rderverein Grundschule Giesen<\/strong><\/span><\/p>\n<p><span style=\"font-family: arial, helvetica, sans-serif;font-size: 14pt\">1. Vorsitzende: Andrea Kre\u00df<\/span><\/p>\n<p><span style=\"font-family: arial, helvetica, sans-serif;font-size: 14pt\">Kassenwartin: Anna Denk<\/span><\/p>\n<p><span style=\"font-family: arial, helvetica, sans-serif;font-size: 14pt\">Schriftf\u00fchrerin: Nadin Labuda<\/span><\/p>\n<p><span style=\"font-family: arial, helvetica, sans-serif;font-size: 14pt\">Mitgliedswartin: Simone Kahle<\/span><\/p>\n<p>&nbsp;<\/p>\n<p><span style=\"font-family: arial, helvetica, sans-serif;font-size: 14pt\">E-Mail: foerderverein-gs-giesen@web.de<\/span><\/p>\n<p>&nbsp;<\/p>\n<p><span style=\"text-decoration: underline;font-family: arial, helvetica, sans-serif;font-size: 14pt\"><strong>F\u00fcr Ihre Spende<\/strong><\/span><\/p>\n<p><span style=\"font-family: arial, helvetica, sans-serif;font-size: 14pt\">Volksbank Hildesheim<\/span><\/p>\n<p><span style=\"font-family: arial, helvetica, sans-serif;font-size: 14pt\">IBAN DE30 2519 3331 0034 6713 00<\/span><\/p>\n<p><span style=\"font-family: arial, helvetica, sans-serif;font-size: 14pt\">BIC GENODEF1PAT<\/span><\/p>\n<p>&nbsp;<\/p>\n","protected":false},"excerpt":{"rendered":"<p>F\u00f6rderverein Grundschule Giesen 1. Vorsitzende: Andrea Kre\u00df Kassenwartin: Anna Denk Schriftf\u00fchrerin: Nadin Labuda Mitgliedswartin: Simone Kahle &nbsp; E-Mail: foerderverein-gs-giesen@web.de &nbsp; F\u00fcr Ihre Spende Volksbank Hildesheim IBAN DE30 2519 3331 0034 6713 00 BIC GENODEF1PAT &nbsp;<\/p>\n","protected":false},"author":1,"featured_media":0,"parent":165,"menu_order":0,"comment_status":"closed","ping_status":"closed","template":"","meta":{"footnotes":""},"class_list":["post-171","page","type-page","status-publish","hentry"],"_links":{"self":[{"href":"https:\/\/gsgiesen.g-werbe.net\/index.php\/wp-json\/wp\/v2\/pages\/171","targetHints":{"allow":["GET"]}}],"collection":[{"href":"https:\/\/gsgiesen.g-werbe.net\/index.php\/wp-json\/wp\/v2\/pages"}],"about":[{"href":"https:\/\/gsgiesen.g-werbe.net\/index.php\/wp-json\/wp\/v2\/types\/page"}],"author":[{"embeddable":true,"href":"https:\/\/gsgiesen.g-werbe.net\/index.php\/wp-json\/wp\/v2\/users\/1"}],"replies":[{"embeddable":true,"href":"https:\/\/gsgiesen.g-werbe.net\/index.php\/wp-json\/wp\/v2\/comments?post=171"}],"version-history":[{"count":34,"href":"https:\/\/gsgiesen.g-werbe.net\/index.php\/wp-json\/wp\/v2\/pages\/171\/revisions"}],"predecessor-version":[{"id":4362,"href":"https:\/\/gsgiesen.g-werbe.net\/index.php\/wp-json\/wp\/v2\/pages\/171\/revisions\/4362"}],"up":[{"embeddable":true,"href":"https:\/\/gsgiesen.g-werbe.net\/index.php\/wp-json\/wp\/v2\/pages\/165"}],"wp:attachment":[{"href":"https:\/\/gsgiesen.g-werbe.net\/index.php\/wp-json\/wp\/v2\/media?parent=171"}],"curies":[{"name":"wp","href":"https:\/\/api.w.org\/{rel}","templated":true}]}}