{"id":177,"date":"2017-04-25T09:18:20","date_gmt":"2017-04-25T07:18:20","guid":{"rendered":"http:\/\/gsgiesen.g-werbe.net\/v2\/?page_id=177"},"modified":"2018-10-21T09:49:40","modified_gmt":"2018-10-21T07:49:40","slug":"portrait","status":"publish","type":"page","link":"https:\/\/gsgiesen.g-werbe.net\/index.php\/foerderverein\/hasede\/portrait\/","title":{"rendered":"Portrait Hasede"},"content":{"rendered":"<h4>F\u00f6rderverein &#8211; Portrait<img loading=\"lazy\" decoding=\"async\" class=\"wp-image-2863 alignright\" src=\"http:\/\/gsgiesen.g-werbe.net\/wp-content\/uploads\/2018\/10\/Logo-542x667.png\" alt=\"\" width=\"100\" height=\"123\" \/><\/h4>\n<p>Der F\u00f6rder-Fun e.V. wurde im September 2000 gegr\u00fcndet.<\/p>\n<p>Unser Verein setzt sich aus Eltern und Freunden der Schule am Standort Hasede zusammen. Die Gesch\u00e4ftsf\u00fchrung des Vereins erfolgt ausschlie\u00dflich ehrenamtlich.<\/p>\n<p>Unsere Hauptaufgabe ist die Unterst\u00fctzung des schulischen Lebens, ohne die Leistungspflichten des Schultr\u00e4gers aufzuheben. Das erreichen wir durch direkte und indirekte Aktivit\u00e4ten, die das schulische Miteinander verbessern und f\u00f6rdern.<\/p>\n<p>&nbsp;<\/p>\n<p style=\"text-align: center;\"><strong>Wir&#8230;<\/strong><\/p>\n<ul style=\"list-style-type: square;\">\n<li>f\u00f6rdern das schulische Miteinander,<\/li>\n<li>stellen Geld f\u00fcr besondere Anschaffungen wie B\u00fccher, Pausenspiele, Computer und Lernsoftware, Bastel- und Sportmaterialien bereit,<\/li>\n<li>versch\u00f6nern den Schulhof,<\/li>\n<li>unterst\u00fctzen oder organisieren Einzelveranstaltungen und haben regelm\u00e4\u00dfige Termine f\u00fcr Veranstaltungen wie z.B. die Autorenlesung, den B\u00fccherbasar, die Bewirtung bei der Einschulung am Standort Hasede und den Inlinerkurs,<\/li>\n<li>organisieren das Projekt &#8222;Gesundes Fr\u00fchst\u00fcck&#8220; und<\/li>\n<li>die B\u00fccherei.<\/li>\n<\/ul>\n<p>&nbsp;<\/p>\n<p>&nbsp;<\/p>\n<p>&nbsp;<\/p>\n","protected":false},"excerpt":{"rendered":"<p>F\u00f6rderverein &#8211; Portrait Der F\u00f6rder-Fun e.V. wurde im September 2000 gegr\u00fcndet. Unser Verein setzt sich aus Eltern und Freunden der Schule am Standort Hasede zusammen. Die Gesch\u00e4ftsf\u00fchrung des Vereins erfolgt ausschlie\u00dflich ehrenamtlich. Unsere Hauptaufgabe ist die Unterst\u00fctzung des schulischen Lebens, ohne die Leistungspflichten des Schultr\u00e4gers aufzuheben. Das erreichen wir durch direkte und indirekte Aktivit\u00e4ten, die [&hellip;]<\/p>\n","protected":false},"author":1,"featured_media":0,"parent":175,"menu_order":0,"comment_status":"closed","ping_status":"closed","template":"","meta":{"footnotes":""},"class_list":["post-177","page","type-page","status-publish","hentry"],"_links":{"self":[{"href":"https:\/\/gsgiesen.g-werbe.net\/index.php\/wp-json\/wp\/v2\/pages\/177","targetHints":{"allow":["GET"]}}],"collection":[{"href":"https:\/\/gsgiesen.g-werbe.net\/index.php\/wp-json\/wp\/v2\/pages"}],"about":[{"href":"https:\/\/gsgiesen.g-werbe.net\/index.php\/wp-json\/wp\/v2\/types\/page"}],"author":[{"embeddable":true,"href":"https:\/\/gsgiesen.g-werbe.net\/index.php\/wp-json\/wp\/v2\/users\/1"}],"replies":[{"embeddable":true,"href":"https:\/\/gsgiesen.g-werbe.net\/index.php\/wp-json\/wp\/v2\/comments?post=177"}],"version-history":[{"count":17,"href":"https:\/\/gsgiesen.g-werbe.net\/index.php\/wp-json\/wp\/v2\/pages\/177\/revisions"}],"predecessor-version":[{"id":2867,"href":"https:\/\/gsgiesen.g-werbe.net\/index.php\/wp-json\/wp\/v2\/pages\/177\/revisions\/2867"}],"up":[{"embeddable":true,"href":"https:\/\/gsgiesen.g-werbe.net\/index.php\/wp-json\/wp\/v2\/pages\/175"}],"wp:attachment":[{"href":"https:\/\/gsgiesen.g-werbe.net\/index.php\/wp-json\/wp\/v2\/media?parent=177"}],"curies":[{"name":"wp","href":"https:\/\/api.w.org\/{rel}","templated":true}]}}