{"id":183,"date":"2017-04-25T09:19:19","date_gmt":"2017-04-25T07:19:19","guid":{"rendered":"http:\/\/gsgiesen.g-werbe.net\/v2\/?page_id=183"},"modified":"2021-12-07T08:47:17","modified_gmt":"2021-12-07T07:47:17","slug":"mitgliedschaft","status":"publish","type":"page","link":"https:\/\/gsgiesen.g-werbe.net\/index.php\/foerderverein\/hasede\/mitgliedschaft\/","title":{"rendered":"Mitgliedschaft Hasede"},"content":{"rendered":"<h4>F\u00f6rderverein &#8211; Mitgliedschaft<\/h4>\n<p>Werden Sie bei uns Mitglied und helfen Sie mit, den Erwachsenen von morgen einen guten Start zu geben.<\/p>\n<p>Sie m\u00f6chten kein Mitglied werden, aber den F\u00f6rderverein trotzdem unterst\u00fctzen?<\/p>\n<ul style=\"list-style-type: square;\">\n<li>Wir freuen uns auch \u00fcber eine Spende, die sie steuerlich geltend machen k\u00f6nnen.<\/li>\n<li>Teilen Sie uns Ihre Ideen und Anregungen zur Arbeit des F\u00f6rdervereins mit.<\/li>\n<li>Helfen Sie mit bei Veranstaltungen.<\/li>\n<\/ul>\n<p>Wenn Sie uns Feedback geben m\u00f6chten, rufen Sie uns einfach an oder schreiben eine Mail an foerderfun@gmx.de.<\/p>\n<p>Herzlichen Dank!<\/p>\n<p>Ihr Team vom F\u00f6rderverein Hasede<\/p>\n<p><strong>Downloads<\/strong><\/p>\n<p><a href=\"http:\/\/gsgiesen.g-werbe.net\/wp-content\/uploads\/2021\/12\/Beitrittserkla\u0308rung-Fo\u0308rderfun_Stand-11_2021.pdf\" target=\"_blank\" rel=\"noopener\">Beitrittserkl\u00e4rung<\/a><\/p>\n<p><a href=\"http:\/\/gsgiesen.g-werbe.net\/wp-content\/uploads\/2021\/12\/Satzung_Fo\u0308rderfun.pdf\" target=\"_blank\" rel=\"noopener\">Satzung<\/a><\/p>\n","protected":false},"excerpt":{"rendered":"<p>F\u00f6rderverein &#8211; Mitgliedschaft Werden Sie bei uns Mitglied und helfen Sie mit, den Erwachsenen von morgen einen guten Start zu geben. Sie m\u00f6chten kein Mitglied werden, aber den F\u00f6rderverein trotzdem unterst\u00fctzen? Wir freuen uns auch \u00fcber eine Spende, die sie steuerlich geltend machen k\u00f6nnen. Teilen Sie uns Ihre Ideen und Anregungen zur Arbeit des F\u00f6rdervereins [&hellip;]<\/p>\n","protected":false},"author":1,"featured_media":0,"parent":175,"menu_order":0,"comment_status":"closed","ping_status":"closed","template":"","meta":{"footnotes":""},"class_list":["post-183","page","type-page","status-publish","hentry"],"_links":{"self":[{"href":"https:\/\/gsgiesen.g-werbe.net\/index.php\/wp-json\/wp\/v2\/pages\/183","targetHints":{"allow":["GET"]}}],"collection":[{"href":"https:\/\/gsgiesen.g-werbe.net\/index.php\/wp-json\/wp\/v2\/pages"}],"about":[{"href":"https:\/\/gsgiesen.g-werbe.net\/index.php\/wp-json\/wp\/v2\/types\/page"}],"author":[{"embeddable":true,"href":"https:\/\/gsgiesen.g-werbe.net\/index.php\/wp-json\/wp\/v2\/users\/1"}],"replies":[{"embeddable":true,"href":"https:\/\/gsgiesen.g-werbe.net\/index.php\/wp-json\/wp\/v2\/comments?post=183"}],"version-history":[{"count":19,"href":"https:\/\/gsgiesen.g-werbe.net\/index.php\/wp-json\/wp\/v2\/pages\/183\/revisions"}],"predecessor-version":[{"id":4077,"href":"https:\/\/gsgiesen.g-werbe.net\/index.php\/wp-json\/wp\/v2\/pages\/183\/revisions\/4077"}],"up":[{"embeddable":true,"href":"https:\/\/gsgiesen.g-werbe.net\/index.php\/wp-json\/wp\/v2\/pages\/175"}],"wp:attachment":[{"href":"https:\/\/gsgiesen.g-werbe.net\/index.php\/wp-json\/wp\/v2\/media?parent=183"}],"curies":[{"name":"wp","href":"https:\/\/api.w.org\/{rel}","templated":true}]}}