{"id":189,"date":"2017-04-25T09:20:12","date_gmt":"2017-04-25T07:20:12","guid":{"rendered":"http:\/\/gsgiesen.g-werbe.net\/v2\/?page_id=189"},"modified":"2022-10-18T09:22:50","modified_gmt":"2022-10-18T07:22:50","slug":"links-fuer-schueler","status":"publish","type":"page","link":"https:\/\/gsgiesen.g-werbe.net\/index.php\/schueler\/links-fuer-schueler\/","title":{"rendered":"Links f\u00fcr Kids"},"content":{"rendered":"<p>Die Grundschule Giesen-Hasede betreut mit der Umweltgruppe des Heimatvereins der Gemeinde Giesen eine Streuobstwiese am Rande des Ortes.<\/p>\n<p>Das ganze Jahr \u00fcber begleiten die Kinder das Leben auf dieser Wiese, voller Apfel-, Birnen- und Kirschb\u00e4umen. In diesem Film ist das Erwachen der Natur und das Leben in den Bl\u00fcten festgehalten worden.<\/p>\n<p><iframe loading=\"lazy\" title=\"Film\" width=\"500\" height=\"375\" src=\"https:\/\/www.youtube.com\/embed\/5XrJAjNQ5pg?feature=oembed\" frameborder=\"0\" allow=\"accelerometer; autoplay; clipboard-write; encrypted-media; gyroscope; picture-in-picture; web-share\" referrerpolicy=\"strict-origin-when-cross-origin\" allowfullscreen><\/iframe><br \/>\nLinks zu anderen Internetseiten:<\/p>\n<p><a href=\"http:\/\/www.gemeindegiesen.de\">www.gemeindegiesen.de<\/a><\/p>\n<p>Links f\u00fcr Kids:<\/p>\n<p><a href=\"http:\/\/www.grundschule-online.de\">www.grundschule-online.de<\/a><\/p>\n<p><a href=\"http:\/\/www.multikids.de\">www.multikids.de<\/a><\/p>\n<p><a href=\"http:\/\/www.blinde-kuh.de\">www.blinde-kuh.de<\/a><\/p>\n<p><a href=\"http:\/\/www.kidsville.de\">www.kidsville.de<\/a><\/p>\n<p><a href=\"http:\/\/www.kidstation.de\">www.kidstation.de<\/a><\/p>\n<p><a href=\"http:\/\/www.tivi.zdf.de\/loewenzahn\">www.tivi.zdf.de\/loewenzahn<\/a><\/p>\n<p><a href=\"http:\/\/www.ndr.de\/tv\/sesamstrasse\">www.ndr.de\/tv\/sesamstrasse<\/a><\/p>\n<p><a href=\"http:\/\/www.wdrmaus.de\">www.wdrmaus.de<\/a><\/p>\n<p><a href=\"http:\/\/www.kidsweb.de\">www.kidsweb.de<\/a><\/p>\n<p><a href=\"http:\/\/www.wasistwas.de\">www.wasistwas.de<\/a><\/p>\n<p><a href=\"http:\/\/www.kinder-tierlexikon.de\">www.kinder-tierlexikon.de<\/a><\/p>\n","protected":false},"excerpt":{"rendered":"<p>Die Grundschule Giesen-Hasede betreut mit der Umweltgruppe des Heimatvereins der Gemeinde Giesen eine Streuobstwiese am Rande des Ortes. Das ganze Jahr \u00fcber begleiten die Kinder das Leben auf dieser Wiese, voller Apfel-, Birnen- und Kirschb\u00e4umen. In diesem Film ist das Erwachen der Natur und das Leben in den Bl\u00fcten festgehalten worden. Links zu anderen Internetseiten: [&hellip;]<\/p>\n","protected":false},"author":1,"featured_media":0,"parent":58,"menu_order":20,"comment_status":"closed","ping_status":"closed","template":"","meta":{"footnotes":""},"class_list":["post-189","page","type-page","status-publish","hentry"],"_links":{"self":[{"href":"https:\/\/gsgiesen.g-werbe.net\/index.php\/wp-json\/wp\/v2\/pages\/189","targetHints":{"allow":["GET"]}}],"collection":[{"href":"https:\/\/gsgiesen.g-werbe.net\/index.php\/wp-json\/wp\/v2\/pages"}],"about":[{"href":"https:\/\/gsgiesen.g-werbe.net\/index.php\/wp-json\/wp\/v2\/types\/page"}],"author":[{"embeddable":true,"href":"https:\/\/gsgiesen.g-werbe.net\/index.php\/wp-json\/wp\/v2\/users\/1"}],"replies":[{"embeddable":true,"href":"https:\/\/gsgiesen.g-werbe.net\/index.php\/wp-json\/wp\/v2\/comments?post=189"}],"version-history":[{"count":8,"href":"https:\/\/gsgiesen.g-werbe.net\/index.php\/wp-json\/wp\/v2\/pages\/189\/revisions"}],"predecessor-version":[{"id":4145,"href":"https:\/\/gsgiesen.g-werbe.net\/index.php\/wp-json\/wp\/v2\/pages\/189\/revisions\/4145"}],"up":[{"embeddable":true,"href":"https:\/\/gsgiesen.g-werbe.net\/index.php\/wp-json\/wp\/v2\/pages\/58"}],"wp:attachment":[{"href":"https:\/\/gsgiesen.g-werbe.net\/index.php\/wp-json\/wp\/v2\/media?parent=189"}],"curies":[{"name":"wp","href":"https:\/\/api.w.org\/{rel}","templated":true}]}}