{"id":2035,"date":"2017-11-17T08:41:21","date_gmt":"2017-11-17T07:41:21","guid":{"rendered":"http:\/\/gsgiesen.g-werbe.net\/v2\/?page_id=2035"},"modified":"2022-10-18T09:12:02","modified_gmt":"2022-10-18T07:12:02","slug":"kindergaerten","status":"publish","type":"page","link":"https:\/\/gsgiesen.g-werbe.net\/index.php\/kindergaerten\/","title":{"rendered":"Kinderg\u00e4rten"},"content":{"rendered":"<p>Unsere Grundschule kooperiert mit zwei Kinderg\u00e4rten in der Gemeinde.<\/p>\n<p>Mit dem Gemeindekindergarten &#8222;Sch\u00f6ne Aussicht&#8220; und der Caritas-Kindertagesst\u00e4tte Gro\u00df F\u00f6rste-Hasede.<\/p>\n<p>In einem regelm\u00e4\u00dfigen Austausch werden Angebote f\u00fcr die zuk\u00fcnftigen Schulkinder geplant.<\/p>\n<p>Vor dem Schulstart erleben die zuk\u00fcnftigen Erstkl\u00e4ssler*innen,\u00a0 wie ein Schulvormittag in einem Klassenraum ablaufen kann.<br \/>\nSie werden in Kleingruppen von Lehrkr\u00e4ften unterrichtet und d\u00fcrfen in diesem Rahmen zeigen, wie gut sie schon malen, schneiden, z\u00e4hlen, h\u00f6ren und vielleicht sogar auch schon lesen und schreiben k\u00f6nnen. Au\u00dferdem werden gemeinsam Bewegungsspiele gemacht, gefr\u00fchst\u00fcckt und der Schulhof erkundet.<\/p>\n<p>Die Sieger und Siegerinnen unseres Vorlesewettbewerbs erhalten regelm\u00e4\u00dfig eine Einladung aus den Kinderg\u00e4rten, um auch dort zu zeigen, welche Fortschritte sie im Lesen bereits gemacht haben.<\/p>\n<p>&nbsp;<\/p>\n<p>&nbsp;<\/p>\n","protected":false},"excerpt":{"rendered":"<p>Unsere Grundschule kooperiert mit zwei Kinderg\u00e4rten in der Gemeinde. Mit dem Gemeindekindergarten &#8222;Sch\u00f6ne Aussicht&#8220; und der Caritas-Kindertagesst\u00e4tte Gro\u00df F\u00f6rste-Hasede. In einem regelm\u00e4\u00dfigen Austausch werden Angebote f\u00fcr die zuk\u00fcnftigen Schulkinder geplant. Vor dem Schulstart erleben die zuk\u00fcnftigen Erstkl\u00e4ssler*innen,\u00a0 wie ein Schulvormittag in einem Klassenraum ablaufen kann. Sie werden in Kleingruppen von Lehrkr\u00e4ften unterrichtet und d\u00fcrfen in [&hellip;]<\/p>\n","protected":false},"author":1,"featured_media":0,"parent":0,"menu_order":0,"comment_status":"closed","ping_status":"closed","template":"","meta":{"footnotes":""},"class_list":["post-2035","page","type-page","status-publish","hentry"],"_links":{"self":[{"href":"https:\/\/gsgiesen.g-werbe.net\/index.php\/wp-json\/wp\/v2\/pages\/2035","targetHints":{"allow":["GET"]}}],"collection":[{"href":"https:\/\/gsgiesen.g-werbe.net\/index.php\/wp-json\/wp\/v2\/pages"}],"about":[{"href":"https:\/\/gsgiesen.g-werbe.net\/index.php\/wp-json\/wp\/v2\/types\/page"}],"author":[{"embeddable":true,"href":"https:\/\/gsgiesen.g-werbe.net\/index.php\/wp-json\/wp\/v2\/users\/1"}],"replies":[{"embeddable":true,"href":"https:\/\/gsgiesen.g-werbe.net\/index.php\/wp-json\/wp\/v2\/comments?post=2035"}],"version-history":[{"count":6,"href":"https:\/\/gsgiesen.g-werbe.net\/index.php\/wp-json\/wp\/v2\/pages\/2035\/revisions"}],"predecessor-version":[{"id":4140,"href":"https:\/\/gsgiesen.g-werbe.net\/index.php\/wp-json\/wp\/v2\/pages\/2035\/revisions\/4140"}],"wp:attachment":[{"href":"https:\/\/gsgiesen.g-werbe.net\/index.php\/wp-json\/wp\/v2\/media?parent=2035"}],"curies":[{"name":"wp","href":"https:\/\/api.w.org\/{rel}","templated":true}]}}