{"id":3820,"date":"2020-11-03T08:44:54","date_gmt":"2020-11-03T07:44:54","guid":{"rendered":"http:\/\/gsgiesen.g-werbe.net\/?page_id=3820"},"modified":"2026-02-01T14:16:31","modified_gmt":"2026-02-01T13:16:31","slug":"corona-infos","status":"publish","type":"page","link":"https:\/\/gsgiesen.g-werbe.net\/","title":{"rendered":"Aktuelles"},"content":{"rendered":"<p><span style=\"color: #0000ff;\">Stand: 01.02.2025, 14:15 Uhr<br \/>\n<\/span><\/p>\n<hr \/>\n<h2><span style=\"color: #0000ff;\"><strong><span style=\"color: #008000;\">AKTUELLE INFORMATIONEN<\/span><br \/>\n<\/strong><\/span><\/h2>\n<p>&nbsp;<\/p>\n<p><span style=\"font-size: 14pt;\"><strong>Zukunftstag (Girl&#8217;s &amp; Boy&#8217;s Day)<\/strong><\/span><\/p>\n<p>Liebe Interessentinnen und Interessenten,<\/p>\n<p>leider ist es nicht m\u00f6glich, den Zukunftstag an unserer Schule zu absolvieren.<\/p>\n<p>&nbsp;<\/p>\n<p>&nbsp;<\/p>\n<p><strong><span style=\"font-size: 14pt;\">IServ<br \/>\n<\/span><\/strong><\/p>\n<p>Sie finden unseren Schulserver unter der Adresse\u00a0 <a href=\"https:\/\/grundschulegiesen-hasede.de\">https:\/\/grundschulegiesen-hasede.de<\/a><\/p>\n<p>Das Benutzerhandbuch k\u00f6nnen Sie hier einsehen.<\/p>\n<p><a href=\"http:\/\/gsgiesen.g-werbe.net\/wp-content\/uploads\/2021\/03\/Anmeldung_Notbetreuung_15.03.21.pdf\" target=\"_blank\" rel=\"noopener noreferrer\"><img loading=\"lazy\" decoding=\"async\" class=\"alignnone wp-image-1030\" src=\"http:\/\/gsgiesen.g-werbe.net\/v2\/wp-content\/uploads\/2017\/04\/pdf-269x300.jpg\" alt=\"\" width=\"32\" height=\"36\" srcset=\"https:\/\/gsgiesen.g-werbe.net\/wp-content\/uploads\/2017\/04\/pdf-269x300.jpg 269w, https:\/\/gsgiesen.g-werbe.net\/wp-content\/uploads\/2017\/04\/pdf.jpg 344w\" sizes=\"auto, (max-width: 32px) 100vw, 32px\" \/> <\/a><a class=\"fancyboxforwp\" href=\"http:\/\/gsgiesen.g-werbe.net\/wp-content\/uploads\/2023\/01\/iserv-benutzerhandbuch-2019.pdf\" target=\"_blank\" rel=\"noopener noreferrer\" data-fancybox=\"gallery\">Benutzerhandbuch<\/a><\/p>\n<p>&nbsp;<\/p>\n<p><strong><span style=\"font-size: 14pt;\">Schulweg bei extremen Witterungsverh\u00e4ltnissen<\/span><\/strong><\/p>\n<p>Liebe Eltern,<br \/>\nwenn Sie auf Grund extremer Witterungsverh\u00e4ltnisse (z.B. Glatteis, starker Sturm) den Schulweg als zu gef\u00e4hrlich f\u00fcr Ihr Kind erachten, k\u00f6nnen Sie entscheiden, Ihr Kind zuhause zu behalten.<br \/>\nBitte informieren Sie uns dann bis 07.50 Uhr per Telefon (05121-770684) oder E-Mail (info.verwaltung@grundschulegiesen-hasede.de)!<\/p>\n<p>\u00dcber offizielle Unterrichtsausf\u00e4lle infomieren der Landkreis Hildesheim (www.landkreishildesheim.de) und die Verkehrsmanagementzentrale Niedersachsen (https:\/\/www.vmz-niedersachsen.de\/schulausfall\/).<br \/>\nWir bieten eine Notbetreuung f\u00fcr die Kinder an, die in solchen F\u00e4llen nicht zuhause bleiben k\u00f6nnen.<br \/>\nBedenken Sie bitte, dass der Schulweg immer in Ihrer Verantwortung liegt!<\/p>\n<p>Herzliche Gr\u00fc\u00dfe<br \/>\nDr. Melanie Nagel, Rektorin<\/p>\n<p>&nbsp;<\/p>\n<p>&nbsp;<\/p>\n<p><span style=\"font-size: 14pt;\"><strong>Mailadresse Sekretariat<\/strong><\/span><\/p>\n<p>Bitte nutzen Sie f\u00fcr die Kontaktaufnahme per E-Mail die folgende Adresse:<\/p>\n<p>info.verwaltung@grundschulegiesen-hasede.de<\/p>\n<p>&nbsp;<\/p>\n<p>&nbsp;<\/p>\n","protected":false},"excerpt":{"rendered":"<p>Stand: 01.02.2025, 14:15 Uhr AKTUELLE INFORMATIONEN &nbsp; Zukunftstag (Girl&#8217;s &amp; Boy&#8217;s Day) Liebe Interessentinnen und Interessenten, leider ist es nicht m\u00f6glich, den Zukunftstag an unserer Schule zu absolvieren. &nbsp; &nbsp; IServ Sie finden unseren Schulserver unter der Adresse\u00a0 https:\/\/grundschulegiesen-hasede.de Das Benutzerhandbuch k\u00f6nnen Sie hier einsehen. Benutzerhandbuch &nbsp; Schulweg bei extremen Witterungsverh\u00e4ltnissen Liebe Eltern, wenn Sie [&hellip;]<\/p>\n","protected":false},"author":12,"featured_media":0,"parent":0,"menu_order":0,"comment_status":"closed","ping_status":"closed","template":"","meta":{"footnotes":""},"class_list":["post-3820","page","type-page","status-publish","hentry"],"_links":{"self":[{"href":"https:\/\/gsgiesen.g-werbe.net\/index.php\/wp-json\/wp\/v2\/pages\/3820","targetHints":{"allow":["GET"]}}],"collection":[{"href":"https:\/\/gsgiesen.g-werbe.net\/index.php\/wp-json\/wp\/v2\/pages"}],"about":[{"href":"https:\/\/gsgiesen.g-werbe.net\/index.php\/wp-json\/wp\/v2\/types\/page"}],"author":[{"embeddable":true,"href":"https:\/\/gsgiesen.g-werbe.net\/index.php\/wp-json\/wp\/v2\/users\/12"}],"replies":[{"embeddable":true,"href":"https:\/\/gsgiesen.g-werbe.net\/index.php\/wp-json\/wp\/v2\/comments?post=3820"}],"version-history":[{"count":113,"href":"https:\/\/gsgiesen.g-werbe.net\/index.php\/wp-json\/wp\/v2\/pages\/3820\/revisions"}],"predecessor-version":[{"id":4358,"href":"https:\/\/gsgiesen.g-werbe.net\/index.php\/wp-json\/wp\/v2\/pages\/3820\/revisions\/4358"}],"wp:attachment":[{"href":"https:\/\/gsgiesen.g-werbe.net\/index.php\/wp-json\/wp\/v2\/media?parent=3820"}],"curies":[{"name":"wp","href":"https:\/\/api.w.org\/{rel}","templated":true}]}}