{"id":3836,"date":"2020-11-03T08:55:36","date_gmt":"2020-11-03T07:55:36","guid":{"rendered":"http:\/\/gsgiesen.g-werbe.net\/?page_id=3836"},"modified":"2020-11-03T09:05:22","modified_gmt":"2020-11-03T08:05:22","slug":"hygienekonzept","status":"publish","type":"page","link":"https:\/\/gsgiesen.g-werbe.net\/index.php\/corona-infos\/hygienekonzept\/","title":{"rendered":"Hygienekonzept"},"content":{"rendered":"<h2>Erg\u00e4nzende Hygienema\u00dfnahmen w\u00e4hrend der Corona Pandemie<\/h2>\n<p>In der Grundschule Giesen-Hasede umfasst eine Kohorte einen Schuljahrgang.<\/p>\n<p>1. Die Sch\u00fcler tragen auf dem Schulgel\u00e4nde einen Mund-Nasen-Schutz. Die Aufstellung der Klassen vor Unterrichtsbeginn ist geregelt und mit den Sch\u00fclerinnen und Sch\u00fclern besprochen worden. Die Klassen betreten zeitversetzt das Schulgeb\u00e4ude<\/p>\n<p>2. Nach Betreten des Schulgeb\u00e4udes, vor dem Fr\u00fchst\u00fcck und nach den Pausen waschen sich alle Kinder die H\u00e4nde.<\/p>\n<p>3. Die Kinder tragen auf dem Schulhof und auf den Fluren einen Mund-Nasen-Schutz. Der Umgang mit den Masken muss von Eltern und Lehrern regelm\u00e4\u00dfig angesprochen und ge\u00fcbt werden!<\/p>\n<p>4. Auf den Sitzpl\u00e4tzen darf der Mund-Nasen-Schutz w\u00e4hrend des Unterrichts abgelegt werden.<\/p>\n<p>5. An beiden Schulstandorten ist der Schulhof in Spielzonen eingeteilt, in denen die Schulkinder w\u00e4hrend der Pausen nach einem wechselnden System spielen d\u00fcrfen.<\/p>\n<p>Ein Plan informiert die Schulkinder \u00fcber die Zonen, in denen sich die Kohorten w\u00e4hrend der Pausen aufhalten d\u00fcrfen.<\/p>\n<p>6. Die Lehrkr\u00e4fte thematisieren regelm\u00e4\u00dfig die Abstands- und Hygieneregeln in den Klassen.<\/p>\n<p>7. In den Klassen und in der Schulkindbetreuung wird regelm\u00e4\u00dfig und intensiv gel\u00fcftet 20 Minuten Unterricht &#8211; 5 Minuten L\u00fcften \u2013 20 Minuten Unterricht<\/p>\n<p>8. Die Kinder sind angehalten, warme Jacken oder Decken f\u00fcr die Zeit des L\u00fcftens mitzubringen, um einer Erk\u00e4ltung vorzubeugen.<\/p>\n<p>9. In den Klassen werden regelm\u00e4\u00dfig Sitzpl\u00e4ne erstellt, um bei einer Corona-Infektion die Kontaktpersonen schnell identifizieren zu k\u00f6nnen.<\/p>\n<p>10. Die Schulkindbetreuung setzt die Ma\u00dfnahmen unter Beachtung der Kohortenregelung, der Abstandswahrung, der L\u00fcftungsanordnungen sowie der Hygieneregeln und der Dokumentation der Sitzpl\u00e4tze in eigener Verantwortung um.<\/p>\n<p>11. Erwachsene d\u00fcrfen nur in Ausnahmef\u00e4llen das Schulgeb\u00e4ude betreten. Jeder Besucher muss einen Dokumentationszettel am Schuleingang ausf\u00fcllen.<\/p>\n","protected":false},"excerpt":{"rendered":"<p>Erg\u00e4nzende Hygienema\u00dfnahmen w\u00e4hrend der Corona Pandemie In der Grundschule Giesen-Hasede umfasst eine Kohorte einen Schuljahrgang. 1. Die Sch\u00fcler tragen auf dem Schulgel\u00e4nde einen Mund-Nasen-Schutz. Die Aufstellung der Klassen vor Unterrichtsbeginn ist geregelt und mit den Sch\u00fclerinnen und Sch\u00fclern besprochen worden. Die Klassen betreten zeitversetzt das Schulgeb\u00e4ude 2. Nach Betreten des Schulgeb\u00e4udes, vor dem Fr\u00fchst\u00fcck und [&hellip;]<\/p>\n","protected":false},"author":12,"featured_media":0,"parent":3820,"menu_order":0,"comment_status":"closed","ping_status":"closed","template":"","meta":{"footnotes":""},"class_list":["post-3836","page","type-page","status-publish","hentry"],"_links":{"self":[{"href":"https:\/\/gsgiesen.g-werbe.net\/index.php\/wp-json\/wp\/v2\/pages\/3836","targetHints":{"allow":["GET"]}}],"collection":[{"href":"https:\/\/gsgiesen.g-werbe.net\/index.php\/wp-json\/wp\/v2\/pages"}],"about":[{"href":"https:\/\/gsgiesen.g-werbe.net\/index.php\/wp-json\/wp\/v2\/types\/page"}],"author":[{"embeddable":true,"href":"https:\/\/gsgiesen.g-werbe.net\/index.php\/wp-json\/wp\/v2\/users\/12"}],"replies":[{"embeddable":true,"href":"https:\/\/gsgiesen.g-werbe.net\/index.php\/wp-json\/wp\/v2\/comments?post=3836"}],"version-history":[{"count":5,"href":"https:\/\/gsgiesen.g-werbe.net\/index.php\/wp-json\/wp\/v2\/pages\/3836\/revisions"}],"predecessor-version":[{"id":3845,"href":"https:\/\/gsgiesen.g-werbe.net\/index.php\/wp-json\/wp\/v2\/pages\/3836\/revisions\/3845"}],"up":[{"embeddable":true,"href":"https:\/\/gsgiesen.g-werbe.net\/index.php\/wp-json\/wp\/v2\/pages\/3820"}],"wp:attachment":[{"href":"https:\/\/gsgiesen.g-werbe.net\/index.php\/wp-json\/wp\/v2\/media?parent=3836"}],"curies":[{"name":"wp","href":"https:\/\/api.w.org\/{rel}","templated":true}]}}