{"id":52,"date":"2017-03-30T09:58:05","date_gmt":"2017-03-30T07:58:05","guid":{"rendered":"http:\/\/gsgiesen.g-werbe.net\/v2\/?page_id=52"},"modified":"2024-07-05T09:29:24","modified_gmt":"2024-07-05T07:29:24","slug":"unsere-schule","status":"publish","type":"page","link":"https:\/\/gsgiesen.g-werbe.net\/index.php\/unsere-schule\/","title":{"rendered":"Unsere Schule"},"content":{"rendered":"<p>Seit dem Schuljahr 2023\/24 ist unser Standort in der Ortschaft Hasede geschlossen. Alle Kinder aus den Ortschaften Giesen, Hasede und Gro\u00df F\u00f6rste werden nun am Schulstandort Giesen beschult.<\/p>\n<p>Der Schulbus sorgt f\u00fcr einen gefahrlosen Schulweg.<\/p>\n<p>Im Schuljahr 2024\/25 besuchen insgesamt 189 Sch\u00fclerinnen und Sch\u00fcler unsere Schule.<\/p>\n<p>&nbsp;<\/p>\n<p><span style=\"color: #ff0000; font-size: 18pt;\"><strong>\u00a0<\/strong><\/span><\/p>\n<p>&nbsp;<\/p>\n","protected":false},"excerpt":{"rendered":"<p>Seit dem Schuljahr 2023\/24 ist unser Standort in der Ortschaft Hasede geschlossen. Alle Kinder aus den Ortschaften Giesen, Hasede und Gro\u00df F\u00f6rste werden nun am Schulstandort Giesen beschult. Der Schulbus sorgt f\u00fcr einen gefahrlosen Schulweg. Im Schuljahr 2024\/25 besuchen insgesamt 189 Sch\u00fclerinnen und Sch\u00fcler unsere Schule. &nbsp; \u00a0 &nbsp;<\/p>\n","protected":false},"author":1,"featured_media":0,"parent":0,"menu_order":0,"comment_status":"closed","ping_status":"closed","template":"","meta":{"footnotes":""},"class_list":["post-52","page","type-page","status-publish","hentry"],"_links":{"self":[{"href":"https:\/\/gsgiesen.g-werbe.net\/index.php\/wp-json\/wp\/v2\/pages\/52","targetHints":{"allow":["GET"]}}],"collection":[{"href":"https:\/\/gsgiesen.g-werbe.net\/index.php\/wp-json\/wp\/v2\/pages"}],"about":[{"href":"https:\/\/gsgiesen.g-werbe.net\/index.php\/wp-json\/wp\/v2\/types\/page"}],"author":[{"embeddable":true,"href":"https:\/\/gsgiesen.g-werbe.net\/index.php\/wp-json\/wp\/v2\/users\/1"}],"replies":[{"embeddable":true,"href":"https:\/\/gsgiesen.g-werbe.net\/index.php\/wp-json\/wp\/v2\/comments?post=52"}],"version-history":[{"count":15,"href":"https:\/\/gsgiesen.g-werbe.net\/index.php\/wp-json\/wp\/v2\/pages\/52\/revisions"}],"predecessor-version":[{"id":4282,"href":"https:\/\/gsgiesen.g-werbe.net\/index.php\/wp-json\/wp\/v2\/pages\/52\/revisions\/4282"}],"wp:attachment":[{"href":"https:\/\/gsgiesen.g-werbe.net\/index.php\/wp-json\/wp\/v2\/media?parent=52"}],"curies":[{"name":"wp","href":"https:\/\/api.w.org\/{rel}","templated":true}]}}