{"id":56,"date":"2017-03-30T09:58:46","date_gmt":"2017-03-30T07:58:46","guid":{"rendered":"http:\/\/gsgiesen.g-werbe.net\/v2\/?page_id=56"},"modified":"2022-10-18T09:00:47","modified_gmt":"2022-10-18T07:00:47","slug":"schulleben","status":"publish","type":"page","link":"https:\/\/gsgiesen.g-werbe.net\/index.php\/schulleben\/","title":{"rendered":"Schulleben"},"content":{"rendered":"<h3><span style=\"color: #000000;\">Unser Schulhof in Giesen<\/span><\/h3>\n<p>Unser Schulgel\u00e4nde hat einen sch\u00f6nen gro\u00dfen Schulhof . Ein Karussell, H\u00fcpfpilze, Kletterger\u00e4te und Balancierbalken bieten eine Vielfalt an Bewegungsm\u00f6glichkeiten. Auf 2 Rasenfl\u00e4chen k\u00f6nnen unsere Schulkinder in den Pausen Fu\u00dfball spielen und ihren Bewegungsdrang ausleben.<\/p>\n<p>Wir sind dem F\u00f6rderverein unserer Schule und der Gemeinde Giesen dankbar, die gemeinsam die Anschaffung von neuen Spielger\u00e4ten f\u00fcr unserere Schulkinder unterst\u00fctzen und finanzieren.<\/p>\n<p><img loading=\"lazy\" decoding=\"async\" class=\"alignnone wp-image-1030\" src=\"http:\/\/gsgiesen.g-werbe.net\/v2\/wp-content\/uploads\/2017\/04\/pdf-269x300.jpg\" alt=\"\" width=\"35\" height=\"39\" srcset=\"https:\/\/gsgiesen.g-werbe.net\/wp-content\/uploads\/2017\/04\/pdf-269x300.jpg 269w, https:\/\/gsgiesen.g-werbe.net\/wp-content\/uploads\/2017\/04\/pdf.jpg 344w\" sizes=\"auto, (max-width: 35px) 100vw, 35px\" \/><span style=\"color: #3366ff;\">\u00a0<a style=\"color: #3366ff;\" href=\"http:\/\/gsgiesen.g-werbe.net\/wp-content\/uploads\/2017\/04\/Konzept_Schulleben.pdf\">Konzept_Schulleben<\/a><\/span><\/p>\n<p>&nbsp;<\/p>\n<p><img loading=\"lazy\" decoding=\"async\" class=\"alignnone size-medium wp-image-920\" src=\"http:\/\/gsgiesen.g-werbe.net\/v2\/wp-content\/uploads\/2017\/03\/schulfest-057-300x225.jpg\" alt=\"\" width=\"300\" height=\"225\" srcset=\"https:\/\/gsgiesen.g-werbe.net\/wp-content\/uploads\/2017\/03\/schulfest-057-300x225.jpg 300w, https:\/\/gsgiesen.g-werbe.net\/wp-content\/uploads\/2017\/03\/schulfest-057.jpg 640w\" sizes=\"auto, (max-width: 300px) 100vw, 300px\" \/>\u00a0 <img loading=\"lazy\" decoding=\"async\" class=\"alignnone size-medium wp-image-922\" src=\"http:\/\/gsgiesen.g-werbe.net\/v2\/wp-content\/uploads\/2017\/03\/schulfest-063-300x225.jpg\" alt=\"\" width=\"300\" height=\"225\" srcset=\"https:\/\/gsgiesen.g-werbe.net\/wp-content\/uploads\/2017\/03\/schulfest-063-300x225.jpg 300w, https:\/\/gsgiesen.g-werbe.net\/wp-content\/uploads\/2017\/03\/schulfest-063.jpg 640w\" sizes=\"auto, (max-width: 300px) 100vw, 300px\" \/>\u00a0<img loading=\"lazy\" decoding=\"async\" class=\"alignnone size-medium wp-image-981\" src=\"http:\/\/gsgiesen.g-werbe.net\/v2\/wp-content\/uploads\/2017\/03\/IMG_0989-300x225.jpg\" alt=\"\" width=\"300\" height=\"225\" srcset=\"https:\/\/gsgiesen.g-werbe.net\/wp-content\/uploads\/2017\/03\/IMG_0989-300x225.jpg 300w, https:\/\/gsgiesen.g-werbe.net\/wp-content\/uploads\/2017\/03\/IMG_0989.jpg 600w\" sizes=\"auto, (max-width: 300px) 100vw, 300px\" \/> <img loading=\"lazy\" decoding=\"async\" class=\"alignnone size-medium wp-image-983\" src=\"http:\/\/gsgiesen.g-werbe.net\/v2\/wp-content\/uploads\/2017\/03\/IMG_0992-300x225.jpg\" alt=\"\" width=\"300\" height=\"225\" srcset=\"https:\/\/gsgiesen.g-werbe.net\/wp-content\/uploads\/2017\/03\/IMG_0992-300x225.jpg 300w, https:\/\/gsgiesen.g-werbe.net\/wp-content\/uploads\/2017\/03\/IMG_0992.jpg 600w\" sizes=\"auto, (max-width: 300px) 100vw, 300px\" \/> <img loading=\"lazy\" decoding=\"async\" class=\"alignnone size-medium wp-image-984\" src=\"http:\/\/gsgiesen.g-werbe.net\/v2\/wp-content\/uploads\/2017\/03\/IMG_0995-300x225.jpg\" alt=\"\" width=\"300\" height=\"225\" srcset=\"https:\/\/gsgiesen.g-werbe.net\/wp-content\/uploads\/2017\/03\/IMG_0995-300x225.jpg 300w, https:\/\/gsgiesen.g-werbe.net\/wp-content\/uploads\/2017\/03\/IMG_0995.jpg 600w\" sizes=\"auto, (max-width: 300px) 100vw, 300px\" \/>\u00a0<img loading=\"lazy\" decoding=\"async\" class=\"alignnone wp-image-1773\" src=\"http:\/\/gsgiesen.g-werbe.net\/v2\/wp-content\/uploads\/2017\/03\/IMG_2638-Kopie-300x280.jpg\" alt=\"\" width=\"238\" height=\"222\" srcset=\"https:\/\/gsgiesen.g-werbe.net\/wp-content\/uploads\/2017\/03\/IMG_2638-Kopie-300x280.jpg 300w, https:\/\/gsgiesen.g-werbe.net\/wp-content\/uploads\/2017\/03\/IMG_2638-Kopie-1024x957.jpg 1024w\" sizes=\"auto, (max-width: 238px) 100vw, 238px\" \/><\/p>\n","protected":false},"excerpt":{"rendered":"<p>Unser Schulhof in Giesen Unser Schulgel\u00e4nde hat einen sch\u00f6nen gro\u00dfen Schulhof . Ein Karussell, H\u00fcpfpilze, Kletterger\u00e4te und Balancierbalken bieten eine Vielfalt an Bewegungsm\u00f6glichkeiten. Auf 2 Rasenfl\u00e4chen k\u00f6nnen unsere Schulkinder in den Pausen Fu\u00dfball spielen und ihren Bewegungsdrang ausleben. Wir sind dem F\u00f6rderverein unserer Schule und der Gemeinde Giesen dankbar, die gemeinsam die Anschaffung von neuen [&hellip;]<\/p>\n","protected":false},"author":1,"featured_media":0,"parent":0,"menu_order":0,"comment_status":"closed","ping_status":"closed","template":"","meta":{"footnotes":""},"class_list":["post-56","page","type-page","status-publish","hentry"],"_links":{"self":[{"href":"https:\/\/gsgiesen.g-werbe.net\/index.php\/wp-json\/wp\/v2\/pages\/56","targetHints":{"allow":["GET"]}}],"collection":[{"href":"https:\/\/gsgiesen.g-werbe.net\/index.php\/wp-json\/wp\/v2\/pages"}],"about":[{"href":"https:\/\/gsgiesen.g-werbe.net\/index.php\/wp-json\/wp\/v2\/types\/page"}],"author":[{"embeddable":true,"href":"https:\/\/gsgiesen.g-werbe.net\/index.php\/wp-json\/wp\/v2\/users\/1"}],"replies":[{"embeddable":true,"href":"https:\/\/gsgiesen.g-werbe.net\/index.php\/wp-json\/wp\/v2\/comments?post=56"}],"version-history":[{"count":18,"href":"https:\/\/gsgiesen.g-werbe.net\/index.php\/wp-json\/wp\/v2\/pages\/56\/revisions"}],"predecessor-version":[{"id":4134,"href":"https:\/\/gsgiesen.g-werbe.net\/index.php\/wp-json\/wp\/v2\/pages\/56\/revisions\/4134"}],"wp:attachment":[{"href":"https:\/\/gsgiesen.g-werbe.net\/index.php\/wp-json\/wp\/v2\/media?parent=56"}],"curies":[{"name":"wp","href":"https:\/\/api.w.org\/{rel}","templated":true}]}}