{"id":60,"date":"2017-03-30T09:59:08","date_gmt":"2017-03-30T07:59:08","guid":{"rendered":"http:\/\/gsgiesen.g-werbe.net\/v2\/?page_id=60"},"modified":"2020-04-17T21:09:02","modified_gmt":"2020-04-17T19:09:02","slug":"eltern","status":"publish","type":"page","link":"https:\/\/gsgiesen.g-werbe.net\/index.php\/eltern\/","title":{"rendered":"Eltern"},"content":{"rendered":"<p>Informieren Sie sich auf den folgenden Seiten, wie Sie aktiv den Schulalltag mitbestimmen k\u00f6nnen.<\/p>\n<p>Leitfaden f\u00fcr Eltern und Sch\u00fclerinnen und Sch\u00fcler f\u00fcr die Arbeit zu Hause<\/p>\n<p><a href=\"http:\/\/gsgiesen.g-werbe.net\/wp-content\/uploads\/2020\/04\/Leitfaden_fr_Eltern_Schlerinnen_und_Schler1.pdf\">Leitfaden_fr_Eltern_Schlerinnen_und_Schler1<\/a><\/p>\n<p>&nbsp;<\/p>\n","protected":false},"excerpt":{"rendered":"<p>Informieren Sie sich auf den folgenden Seiten, wie Sie aktiv den Schulalltag mitbestimmen k\u00f6nnen. Leitfaden f\u00fcr Eltern und Sch\u00fclerinnen und Sch\u00fcler f\u00fcr die Arbeit zu Hause Leitfaden_fr_Eltern_Schlerinnen_und_Schler1 &nbsp;<\/p>\n","protected":false},"author":1,"featured_media":0,"parent":0,"menu_order":0,"comment_status":"closed","ping_status":"closed","template":"","meta":{"footnotes":""},"class_list":["post-60","page","type-page","status-publish","hentry"],"_links":{"self":[{"href":"https:\/\/gsgiesen.g-werbe.net\/index.php\/wp-json\/wp\/v2\/pages\/60","targetHints":{"allow":["GET"]}}],"collection":[{"href":"https:\/\/gsgiesen.g-werbe.net\/index.php\/wp-json\/wp\/v2\/pages"}],"about":[{"href":"https:\/\/gsgiesen.g-werbe.net\/index.php\/wp-json\/wp\/v2\/types\/page"}],"author":[{"embeddable":true,"href":"https:\/\/gsgiesen.g-werbe.net\/index.php\/wp-json\/wp\/v2\/users\/1"}],"replies":[{"embeddable":true,"href":"https:\/\/gsgiesen.g-werbe.net\/index.php\/wp-json\/wp\/v2\/comments?post=60"}],"version-history":[{"count":6,"href":"https:\/\/gsgiesen.g-werbe.net\/index.php\/wp-json\/wp\/v2\/pages\/60\/revisions"}],"predecessor-version":[{"id":3585,"href":"https:\/\/gsgiesen.g-werbe.net\/index.php\/wp-json\/wp\/v2\/pages\/60\/revisions\/3585"}],"wp:attachment":[{"href":"https:\/\/gsgiesen.g-werbe.net\/index.php\/wp-json\/wp\/v2\/media?parent=60"}],"curies":[{"name":"wp","href":"https:\/\/api.w.org\/{rel}","templated":true}]}}