{"id":62,"date":"2017-03-30T09:59:32","date_gmt":"2017-03-30T07:59:32","guid":{"rendered":"http:\/\/gsgiesen.g-werbe.net\/v2\/?page_id=62"},"modified":"2024-09-15T19:38:39","modified_gmt":"2024-09-15T17:38:39","slug":"foerderverein","status":"publish","type":"page","link":"https:\/\/gsgiesen.g-werbe.net\/index.php\/foerderverein\/","title":{"rendered":"F\u00f6rderverein"},"content":{"rendered":"<p>Informieren Sie sich auf den folgenden Seiten \u00fcber die Arbeit unseres F\u00f6rdervereins f\u00fcr die Grundschule Giesen-Hasede.<\/p>\n<p><a href=\"http:\/\/gsgiesen.g-werbe.net\/index.php\/foerderverein\/giesen\/portrait\/\">F\u00f6rderverein Giesen<\/a><\/p>\n<p><img loading=\"lazy\" decoding=\"async\" class=\"alignnone wp-image-4294 \" src=\"http:\/\/gsgiesen.g-werbe.net\/wp-content\/uploads\/2024\/09\/Logo_GS_Farbe_1.png\" alt=\"Logo F\u00f6rderverein Giesen, zwei Kinder tragen einen Buntstift\" width=\"150\" height=\"150\" \/><\/p>\n<p>&nbsp;<\/p>\n<p>&nbsp;<\/p>\n","protected":false},"excerpt":{"rendered":"<p>Informieren Sie sich auf den folgenden Seiten \u00fcber die Arbeit unseres F\u00f6rdervereins f\u00fcr die Grundschule Giesen-Hasede. F\u00f6rderverein Giesen &nbsp; &nbsp;<\/p>\n","protected":false},"author":1,"featured_media":0,"parent":0,"menu_order":0,"comment_status":"closed","ping_status":"closed","template":"","meta":{"footnotes":""},"class_list":["post-62","page","type-page","status-publish","hentry"],"_links":{"self":[{"href":"https:\/\/gsgiesen.g-werbe.net\/index.php\/wp-json\/wp\/v2\/pages\/62","targetHints":{"allow":["GET"]}}],"collection":[{"href":"https:\/\/gsgiesen.g-werbe.net\/index.php\/wp-json\/wp\/v2\/pages"}],"about":[{"href":"https:\/\/gsgiesen.g-werbe.net\/index.php\/wp-json\/wp\/v2\/types\/page"}],"author":[{"embeddable":true,"href":"https:\/\/gsgiesen.g-werbe.net\/index.php\/wp-json\/wp\/v2\/users\/1"}],"replies":[{"embeddable":true,"href":"https:\/\/gsgiesen.g-werbe.net\/index.php\/wp-json\/wp\/v2\/comments?post=62"}],"version-history":[{"count":6,"href":"https:\/\/gsgiesen.g-werbe.net\/index.php\/wp-json\/wp\/v2\/pages\/62\/revisions"}],"predecessor-version":[{"id":4315,"href":"https:\/\/gsgiesen.g-werbe.net\/index.php\/wp-json\/wp\/v2\/pages\/62\/revisions\/4315"}],"wp:attachment":[{"href":"https:\/\/gsgiesen.g-werbe.net\/index.php\/wp-json\/wp\/v2\/media?parent=62"}],"curies":[{"name":"wp","href":"https:\/\/api.w.org\/{rel}","templated":true}]}}