{"id":64,"date":"2017-03-30T09:59:40","date_gmt":"2017-03-30T07:59:40","guid":{"rendered":"http:\/\/gsgiesen.g-werbe.net\/v2\/?page_id=64"},"modified":"2026-02-01T14:18:17","modified_gmt":"2026-02-01T13:18:17","slug":"kontakt","status":"publish","type":"page","link":"https:\/\/gsgiesen.g-werbe.net\/index.php\/kontakt\/","title":{"rendered":"Kontakt"},"content":{"rendered":"<p>Grundschule Giesen-Hasede<br \/>\nGro\u00df Beelter Stra\u00dfe 11<br \/>\n31180 Giesen<\/p>\n<p>Tel. 0 51 21 \/ 77 06 84<br \/>\nFax 0 51 21 \/ 77 06 87<\/p>\n<p>E-Mail:\u00a0 <a href=\"mailto:info.verwaltung@grundschulegiesen-hasede.de\">info.verwaltung@grundschulegiesen-hasede.de<\/a><\/p>\n<p>&nbsp;<\/p>\n<p><strong>Schulleitung<\/strong><\/p>\n<p>Rektorin: Dr. Melanie Nagel<\/p>\n<p>Konrektor: Joerg Lehmann<\/p>\n<p>Sekretariat: Simone Mattner<\/p>\n<p>Datenschutzbeauftragte*r: N.N.<\/p>\n<p>&nbsp;<\/p>\n<h4>Schultr\u00e4ger<\/h4>\n<p>Gemeinde Giesen<br \/>\nRathausstra\u00dfe 27<br \/>\nD-31180 Giesen<\/p>\n<p>Tel. 0 51 21 \/ 93 10 0<br \/>\nFax 0 51 21 \/ 93 10 80<\/p>\n<p>E-Mail: info@giesen.de<\/p>\n<p>&nbsp;<\/p>\n<p>Die Gestaltung und Programmierung dieser Internetseite ist z.T. gespendet von German Gebhard, g-werbe:agentur, <a href=\"https:\/\/g-werbe.net\" target=\"_blank\" rel=\"noopener noreferrer\">Werbeagentur Hildesheim<\/a><\/p>\n<p>Hinweise und Haftung fu\u0308r Links:<\/p>\n<p>Unser Angebot enth\u00e4lt Links zu externen Webseiten Dritter, auf deren Inhalte wir keinen Einfluss haben. Deshalb k\u00f6nnen wir fu\u0308r diese fremden Inhalte auch keine Gew\u00e4hr u\u0308bernehmen. Fu\u0308r die Inhalte der verlinkten Seiten ist stets der jeweilige Anbieter oder Betreiber der Seiten verantwortlich. Die verlinkten Seiten wurden zum Zeitpunkt der Verlinkung auf m\u00f6gliche Rechtsverst\u00f6\u00dfe u\u0308berpru\u0308ft. Rechtswidrige Inhalte waren zum Zeitpunkt der Verlinkung nicht erkennbar. Eine permanente inhaltliche Kontrolle der verlinkten Seiten ist jedoch ohne konkrete Anhaltspunkte einer Rechtsverletzung nicht zumutbar. Bei bekannt werden von Rechtsverletzungen werden wir derartige Links umgehend entfernen.<\/p>\n","protected":false},"excerpt":{"rendered":"<p>Grundschule Giesen-Hasede Gro\u00df Beelter Stra\u00dfe 11 31180 Giesen Tel. 0 51 21 \/ 77 06 84 Fax 0 51 21 \/ 77 06 87 E-Mail:\u00a0 info.verwaltung@grundschulegiesen-hasede.de &nbsp; Schulleitung Rektorin: Dr. Melanie Nagel Konrektor: Joerg Lehmann Sekretariat: Simone Mattner Datenschutzbeauftragte*r: N.N. &nbsp; Schultr\u00e4ger Gemeinde Giesen Rathausstra\u00dfe 27 D-31180 Giesen Tel. 0 51 21 \/ 93 10 [&hellip;]<\/p>\n","protected":false},"author":1,"featured_media":0,"parent":0,"menu_order":0,"comment_status":"closed","ping_status":"closed","template":"","meta":{"footnotes":""},"class_list":["post-64","page","type-page","status-publish","hentry"],"_links":{"self":[{"href":"https:\/\/gsgiesen.g-werbe.net\/index.php\/wp-json\/wp\/v2\/pages\/64","targetHints":{"allow":["GET"]}}],"collection":[{"href":"https:\/\/gsgiesen.g-werbe.net\/index.php\/wp-json\/wp\/v2\/pages"}],"about":[{"href":"https:\/\/gsgiesen.g-werbe.net\/index.php\/wp-json\/wp\/v2\/types\/page"}],"author":[{"embeddable":true,"href":"https:\/\/gsgiesen.g-werbe.net\/index.php\/wp-json\/wp\/v2\/users\/1"}],"replies":[{"embeddable":true,"href":"https:\/\/gsgiesen.g-werbe.net\/index.php\/wp-json\/wp\/v2\/comments?post=64"}],"version-history":[{"count":39,"href":"https:\/\/gsgiesen.g-werbe.net\/index.php\/wp-json\/wp\/v2\/pages\/64\/revisions"}],"predecessor-version":[{"id":4359,"href":"https:\/\/gsgiesen.g-werbe.net\/index.php\/wp-json\/wp\/v2\/pages\/64\/revisions\/4359"}],"wp:attachment":[{"href":"https:\/\/gsgiesen.g-werbe.net\/index.php\/wp-json\/wp\/v2\/media?parent=64"}],"curies":[{"name":"wp","href":"https:\/\/api.w.org\/{rel}","templated":true}]}}