{"id":82,"date":"2017-04-25T08:29:37","date_gmt":"2017-04-25T06:29:37","guid":{"rendered":"http:\/\/gsgiesen.g-werbe.net\/v2\/?page_id=82"},"modified":"2017-09-28T14:22:19","modified_gmt":"2017-09-28T12:22:19","slug":"leitbild","status":"publish","type":"page","link":"https:\/\/gsgiesen.g-werbe.net\/index.php\/unsere-schule\/leitbild\/","title":{"rendered":"Leitbild"},"content":{"rendered":"<p>Kinder sind die Zukunft unserer Gesellschaft und ihr wertvollstes Gut. Unsere Schule ist ein Ort des individuellen und gemeinschaftlichen Lernens, Wachsens und Reifens, wo junge Menschen auf das Leben in der Gesellschaft vorbereitet werden.<\/p>\n<p>In unserer Schule wollen wir Voraussetzungen zu schaffen, in denen Lernen mit \u201eKopf, Herz und Hand\u201c m\u00f6glich ist. Lernen mit allen Sinnen ist unser Unterrichtsprinzip und soll allen Sch\u00fclerinnen und Sch\u00fclern Lernprozesse erm\u00f6glichen, die ihre Lernausgangslage, ihre individuellen St\u00e4rken und Interessen ber\u00fccksichtigen.<\/p>\n<p>Wir nehmen das uns anvertraute Kind als Individuum wahr, wir holen es dort ab, wo es sich im Entwicklungsprozess befindet und unterst\u00fctzen, begleiten und f\u00f6rdern seine pers\u00f6nliche Entwicklung und Entfaltung.<\/p>\n<p>Eine anregende und motivierende Lernatmosph\u00e4re schafft die Voraussetzung f\u00fcr freudvolles und erfolgreiches Lernen. Unsere Sch\u00fclerinnen und Sch\u00fcler verbringen einen erheblichen Teil ihres Tages in unserer Schule. Hier werden die Kinder ernst genommen, sie k\u00f6nnen sich entfalten und wohlf\u00fchlen. Im t\u00e4glichen Miteinander lernen sie Regeln kennen, die sie beachten und umsetzen m\u00fcssen.<\/p>\n<p>Wie gehen verst\u00e4ndnis- und vertrauensvoll, gewaltfrei und tolerant miteinander um. Unserem Zusammenleben geben wir Regeln und achten darauf, dass diese eingehalten werden. Gegenseitige Achtung und Wertsch\u00e4tzung sind die Basis zur Entwicklung und St\u00e4rkung der Pers\u00f6nlichkeit. Diese Werte sind nicht einfach zu vermitteln, sondern m\u00fcssen in t\u00e4glicher aktiver Auseinandersetzung neu erlebt, ge\u00fcbt und gefestigt werden.<\/p>\n<p>Alle Lehrerinnen und Lehrer arbeiten mit den Eltern, Erziehungsberechtigten und p\u00e4dagogischen Mitarbeitern unserer Schule offen und vertrauensvoll zusammen, damit sich jedes Kind bestm\u00f6glich entwickeln kann.<\/p>\n","protected":false},"excerpt":{"rendered":"<p>Kinder sind die Zukunft unserer Gesellschaft und ihr wertvollstes Gut. Unsere Schule ist ein Ort des individuellen und gemeinschaftlichen Lernens, Wachsens und Reifens, wo junge Menschen auf das Leben in der Gesellschaft vorbereitet werden. In unserer Schule wollen wir Voraussetzungen zu schaffen, in denen Lernen mit \u201eKopf, Herz und Hand\u201c m\u00f6glich ist. Lernen mit allen [&hellip;]<\/p>\n","protected":false},"author":1,"featured_media":0,"parent":52,"menu_order":20,"comment_status":"closed","ping_status":"closed","template":"","meta":{"footnotes":""},"class_list":["post-82","page","type-page","status-publish","hentry"],"_links":{"self":[{"href":"https:\/\/gsgiesen.g-werbe.net\/index.php\/wp-json\/wp\/v2\/pages\/82","targetHints":{"allow":["GET"]}}],"collection":[{"href":"https:\/\/gsgiesen.g-werbe.net\/index.php\/wp-json\/wp\/v2\/pages"}],"about":[{"href":"https:\/\/gsgiesen.g-werbe.net\/index.php\/wp-json\/wp\/v2\/types\/page"}],"author":[{"embeddable":true,"href":"https:\/\/gsgiesen.g-werbe.net\/index.php\/wp-json\/wp\/v2\/users\/1"}],"replies":[{"embeddable":true,"href":"https:\/\/gsgiesen.g-werbe.net\/index.php\/wp-json\/wp\/v2\/comments?post=82"}],"version-history":[{"count":4,"href":"https:\/\/gsgiesen.g-werbe.net\/index.php\/wp-json\/wp\/v2\/pages\/82\/revisions"}],"predecessor-version":[{"id":1336,"href":"https:\/\/gsgiesen.g-werbe.net\/index.php\/wp-json\/wp\/v2\/pages\/82\/revisions\/1336"}],"up":[{"embeddable":true,"href":"https:\/\/gsgiesen.g-werbe.net\/index.php\/wp-json\/wp\/v2\/pages\/52"}],"wp:attachment":[{"href":"https:\/\/gsgiesen.g-werbe.net\/index.php\/wp-json\/wp\/v2\/media?parent=82"}],"curies":[{"name":"wp","href":"https:\/\/api.w.org\/{rel}","templated":true}]}}