{"id":84,"date":"2017-04-25T08:29:52","date_gmt":"2017-04-25T06:29:52","guid":{"rendered":"http:\/\/gsgiesen.g-werbe.net\/v2\/?page_id=84"},"modified":"2023-08-22T14:19:57","modified_gmt":"2023-08-22T12:19:57","slug":"profil","status":"publish","type":"page","link":"https:\/\/gsgiesen.g-werbe.net\/index.php\/unsere-schule\/profil\/","title":{"rendered":"Profil"},"content":{"rendered":"<h4>Verl\u00e4ssliche Grundschule<\/h4>\n<p>Unsere Schule ist eine Verl\u00e4ssliche Grundschule (VGS). Wir haben einen Schulvormittag mit t\u00e4glich gleich bleibenden verl\u00e4sslichen Anfangs- und Endzeiten.<\/p>\n<p>Was bedeutet die <em>&#8220; Verl\u00e4ssliche Grundschule&#8220;<\/em> f\u00fcr unsere Eltern und f\u00fcr unsere Sch\u00fcler*innen? &#8211; Hier das Wichtigste in K\u00fcrze:<\/p>\n<p>Der Unterricht beginnt um 8.00 Uhr.<br \/>\nAlle Kinder der Klassen 1 bis 4 werden in der Zeit von 07.45 bis 13.00 Uhr verl\u00e4sslich an beiden Schulstandorten in Giesen und Hasede unterrichtet und betreut.<\/p>\n<p>In der ersten Klasse werden t\u00e4glich 4 Stunden Unterricht (von 8.00 bis 11.45 Uhr) erteilt, die\u00a0 zweite Klasse hat an 2 Schultagen bis 12.45 Uhr Unterricht.<br \/>\nDazu kommt das Angebot von einer Stunde Betreuung in der Zeit von 12.00 bis 13.00 Uhr. Diese Betreuung ist freiwillig und kostenlos.<br \/>\nWenn ihr Kind teilnehmen soll, ist zuvor eine verbindliche schriftliche Anmeldung f\u00fcr ein halbes Jahr notwendig.<\/p>\n<p>Die Klassen 3 und 4 erhalten t\u00e4glich verl\u00e4sslich 5 Stunden Unterricht.<\/p>\n<p>Kinder, die am Schwimmunterricht oder an AG-Angeboten teilnehmen, haben nach der 6. Stunde d.h. 13.30 Uhr Unterrichtsschluss.<\/p>\n<p>Unser Betreuungsteam bietet zus\u00e4tzliche Betreuungszeiten an. Bei Interesse informieren Sie sich bitte auf der Seite der Spielm\u00e4use oder fragen Sie im Sekretariat nach.<\/p>\n<p>P\u00e4dagogische Mitarbeier*innen stellen im Krankheitsfall die Unterrichtskontinuit\u00e4t sicher, so dass im Regelfall kein Unterricht ausfallen muss.<\/p>\n<p>&nbsp;<\/p>\n<h4>Unterricht<\/h4>\n<p>Im Schuljahr 2023\/24 unterrichten an unserer Schule 11 Lehrkr\u00e4fte, 2 Lehramtsanw\u00e4rter*innen und 2 F\u00f6rderschullehrkr\u00e4fte.<\/p>\n<p>Drei P\u00e4dagogische Mitarbeiterinnen und ein P\u00e4dagogischer Mitarbeiter geh\u00f6ren ebenfalls zu unserem Team.<br \/>\nSie beaufsichtigen beim Ausfall einer Lehrkraft die betroffenen Klassen und werden von den Kolleginnen der Parallelklassen fachlich begleitet. Au\u00dferdem bieten sie teilweise F\u00f6rderunterricht und Arbeitsgemeinschaften an.<\/p>\n<p>Die Klassenlehrer*innen erteilen neben dem Unterricht in ihrer Klasse Fachunterricht in den anderen Klassen. Das 1. und 2. Schuljahr sind inhaltlich so angelegt. dass sie eine Einheit bilden. In der Stundentafel\u00a0 ist der Unterricht als &#8222;Erstunterricht&#8220; (EU) ausgewiesen. Die Zeitanteile der einzelnen F\u00e4cher sollen im Jahresdurchschnitt eingehalten werden.<\/p>\n","protected":false},"excerpt":{"rendered":"<p>Verl\u00e4ssliche Grundschule Unsere Schule ist eine Verl\u00e4ssliche Grundschule (VGS). Wir haben einen Schulvormittag mit t\u00e4glich gleich bleibenden verl\u00e4sslichen Anfangs- und Endzeiten. Was bedeutet die &#8220; Verl\u00e4ssliche Grundschule&#8220; f\u00fcr unsere Eltern und f\u00fcr unsere Sch\u00fcler*innen? &#8211; Hier das Wichtigste in K\u00fcrze: Der Unterricht beginnt um 8.00 Uhr. Alle Kinder der Klassen 1 bis 4 werden in [&hellip;]<\/p>\n","protected":false},"author":1,"featured_media":0,"parent":52,"menu_order":30,"comment_status":"closed","ping_status":"closed","template":"","meta":{"footnotes":""},"class_list":["post-84","page","type-page","status-publish","hentry"],"_links":{"self":[{"href":"https:\/\/gsgiesen.g-werbe.net\/index.php\/wp-json\/wp\/v2\/pages\/84","targetHints":{"allow":["GET"]}}],"collection":[{"href":"https:\/\/gsgiesen.g-werbe.net\/index.php\/wp-json\/wp\/v2\/pages"}],"about":[{"href":"https:\/\/gsgiesen.g-werbe.net\/index.php\/wp-json\/wp\/v2\/types\/page"}],"author":[{"embeddable":true,"href":"https:\/\/gsgiesen.g-werbe.net\/index.php\/wp-json\/wp\/v2\/users\/1"}],"replies":[{"embeddable":true,"href":"https:\/\/gsgiesen.g-werbe.net\/index.php\/wp-json\/wp\/v2\/comments?post=84"}],"version-history":[{"count":15,"href":"https:\/\/gsgiesen.g-werbe.net\/index.php\/wp-json\/wp\/v2\/pages\/84\/revisions"}],"predecessor-version":[{"id":4234,"href":"https:\/\/gsgiesen.g-werbe.net\/index.php\/wp-json\/wp\/v2\/pages\/84\/revisions\/4234"}],"up":[{"embeddable":true,"href":"https:\/\/gsgiesen.g-werbe.net\/index.php\/wp-json\/wp\/v2\/pages\/52"}],"wp:attachment":[{"href":"https:\/\/gsgiesen.g-werbe.net\/index.php\/wp-json\/wp\/v2\/media?parent=84"}],"curies":[{"name":"wp","href":"https:\/\/api.w.org\/{rel}","templated":true}]}}