{"id":86,"date":"2017-04-25T08:30:12","date_gmt":"2017-04-25T06:30:12","guid":{"rendered":"http:\/\/gsgiesen.g-werbe.net\/v2\/?page_id=86"},"modified":"2023-09-19T12:29:34","modified_gmt":"2023-09-19T10:29:34","slug":"kollegium","status":"publish","type":"page","link":"https:\/\/gsgiesen.g-werbe.net\/index.php\/unsere-schule\/kollegium\/","title":{"rendered":"Kollegium"},"content":{"rendered":"<h4>Unsere Schule &#8211; Unser Kollegium<\/h4>\n<p>Im Schuljahr 2023\/24 unterrichten an unserer Schule 11 Lehrkr\u00e4fte, 2 Lehrkr\u00e4fte im Vorbereitungsdienst und 2 F\u00f6rderschulllehrkr\u00e4fte.<br \/>\nAu\u00dferdem werden wir im Schulalltag durch einen Bundesfreiwilligendienstleistenden unterst\u00fctzt.<\/p>\n<p>Wir haben derzeit 4 p\u00e4dagogische Mitarbeiter*innen f\u00fcr den Vertretungsunterricht und 2 P\u00e4dagogische Mitarbeiterinnen, die gemeinsam mit dem Team der Schulkindbetreuung f\u00fcr die Verl\u00e4sslichkeit der Schule von 12 bis 13 Uhr sorgen.<\/p>\n<div id=\"attachment_3323\" style=\"width: 670px\" class=\"wp-caption alignnone\"><img loading=\"lazy\" decoding=\"async\" aria-describedby=\"caption-attachment-3323\" class=\"size-medium wp-image-3323\" src=\"http:\/\/gsgiesen.g-werbe.net\/wp-content\/uploads\/2019\/08\/IMG_5924-660x495.jpg\" alt=\"\" width=\"660\" height=\"495\" \/><p id=\"caption-attachment-3323\" class=\"wp-caption-text\">Das Kollegium der Grundschule Giesen-Hasede im Schuljahr 2019\/2020<\/p><\/div>\n<p>&nbsp;<\/p>\n<p><sup>\u00a0<\/sup><\/p>\n","protected":false},"excerpt":{"rendered":"<p>Unsere Schule &#8211; Unser Kollegium Im Schuljahr 2023\/24 unterrichten an unserer Schule 11 Lehrkr\u00e4fte, 2 Lehrkr\u00e4fte im Vorbereitungsdienst und 2 F\u00f6rderschulllehrkr\u00e4fte. Au\u00dferdem werden wir im Schulalltag durch einen Bundesfreiwilligendienstleistenden unterst\u00fctzt. Wir haben derzeit 4 p\u00e4dagogische Mitarbeiter*innen f\u00fcr den Vertretungsunterricht und 2 P\u00e4dagogische Mitarbeiterinnen, die gemeinsam mit dem Team der Schulkindbetreuung f\u00fcr die Verl\u00e4sslichkeit der Schule [&hellip;]<\/p>\n","protected":false},"author":1,"featured_media":0,"parent":52,"menu_order":40,"comment_status":"closed","ping_status":"closed","template":"","meta":{"footnotes":""},"class_list":["post-86","page","type-page","status-publish","hentry"],"_links":{"self":[{"href":"https:\/\/gsgiesen.g-werbe.net\/index.php\/wp-json\/wp\/v2\/pages\/86","targetHints":{"allow":["GET"]}}],"collection":[{"href":"https:\/\/gsgiesen.g-werbe.net\/index.php\/wp-json\/wp\/v2\/pages"}],"about":[{"href":"https:\/\/gsgiesen.g-werbe.net\/index.php\/wp-json\/wp\/v2\/types\/page"}],"author":[{"embeddable":true,"href":"https:\/\/gsgiesen.g-werbe.net\/index.php\/wp-json\/wp\/v2\/users\/1"}],"replies":[{"embeddable":true,"href":"https:\/\/gsgiesen.g-werbe.net\/index.php\/wp-json\/wp\/v2\/comments?post=86"}],"version-history":[{"count":22,"href":"https:\/\/gsgiesen.g-werbe.net\/index.php\/wp-json\/wp\/v2\/pages\/86\/revisions"}],"predecessor-version":[{"id":4256,"href":"https:\/\/gsgiesen.g-werbe.net\/index.php\/wp-json\/wp\/v2\/pages\/86\/revisions\/4256"}],"up":[{"embeddable":true,"href":"https:\/\/gsgiesen.g-werbe.net\/index.php\/wp-json\/wp\/v2\/pages\/52"}],"wp:attachment":[{"href":"https:\/\/gsgiesen.g-werbe.net\/index.php\/wp-json\/wp\/v2\/media?parent=86"}],"curies":[{"name":"wp","href":"https:\/\/api.w.org\/{rel}","templated":true}]}}